{"id":3320,"date":"2016-12-13T16:03:43","date_gmt":"2016-12-13T05:03:43","guid":{"rendered":"http:\/\/kitesurfnoumea.nc\/?post_type=product&#038;p=3320"},"modified":"2016-12-13T16:03:43","modified_gmt":"2016-12-13T05:03:43","slug":"dakine-fusion-2","status":"publish","type":"product","link":"https:\/\/kitesurfnoumea.nc\/en\/product\/dakine-fusion-2\/","title":{"rendered":"Dakine &#8211; Fusion"},"content":{"rendered":"<p>Le harnais seat Dakine Fusion est un harnais performant, il est parfais pour un rider qui souffrerais de quelconque probl\u00e8mes de dos ou rechercherais tout simplement plus de confort en navigation. Le Fusion est un harnais \u00e0 m\u00e9moire de formes avec lequel on peut aussi ajuster la hauteur de la barre pour un confort maximal<\/p>\n<p><a href=\"http:\/\/kitesurfnoumea.nc\/wp\/wp-content\/uploads\/2016\/12\/dakine-fusion.jpg\"><img loading=\"lazy\" class=\"alignleft size-full wp-image-3321\" alt=\"dakine-fusion\" src=\"http:\/\/kitesurfnoumea.nc\/wp\/wp-content\/uploads\/2016\/12\/dakine-fusion.jpg\" width=\"237\" height=\"213\" \/><\/a><\/p>\n","protected":false},"excerpt":{"rendered":"<p>Le harnais seat Dakine Fusion est un harnais performant, il est parfais pour un rider qui souffrerais de quelconque probl\u00e8mes de dos ou rechercherais tout simplement plus de confort en navigation. Le Fusion est un harnais \u00e0 m\u00e9moire de formes &hellip;<\/p>\n","protected":false},"featured_media":0,"comment_status":"open","ping_status":"open","template":"","product_category":[26],"product_tag":[184,277,194,167,192,191],"_links":{"self":[{"href":"https:\/\/kitesurfnoumea.nc\/en\/wp-json\/wp\/v2\/product\/3320"}],"collection":[{"href":"https:\/\/kitesurfnoumea.nc\/en\/wp-json\/wp\/v2\/product"}],"about":[{"href":"https:\/\/kitesurfnoumea.nc\/en\/wp-json\/wp\/v2\/types\/product"}],"replies":[{"embeddable":true,"href":"https:\/\/kitesurfnoumea.nc\/en\/wp-json\/wp\/v2\/comments?post=3320"}],"version-history":[{"count":0,"href":"https:\/\/kitesurfnoumea.nc\/en\/wp-json\/wp\/v2\/product\/3320\/revisions"}],"wp:attachment":[{"href":"https:\/\/kitesurfnoumea.nc\/en\/wp-json\/wp\/v2\/media?parent=3320"}],"wp:term":[{"taxonomy":"product_category","embeddable":true,"href":"https:\/\/kitesurfnoumea.nc\/en\/wp-json\/wp\/v2\/product_category?post=3320"},{"taxonomy":"product_tag","embeddable":true,"href":"https:\/\/kitesurfnoumea.nc\/en\/wp-json\/wp\/v2\/product_tag?post=3320"}],"curies":[{"name":"wp","href":"https:\/\/api.w.org\/{rel}","templated":true}]}}