{"id":3314,"date":"2016-12-13T10:49:12","date_gmt":"2016-12-12T23:49:12","guid":{"rendered":"http:\/\/kitesurfnoumea.nc\/?post_type=product&#038;p=3314"},"modified":"2016-12-16T18:02:58","modified_gmt":"2016-12-16T07:02:58","slug":"prolimit-fx-2","status":"publish","type":"product","link":"https:\/\/kitesurfnoumea.nc\/en\/product\/prolimit-fx-2\/","title":{"rendered":"Prolimit &#8211; FX"},"content":{"rendered":"<p>&nbsp;<\/p>\n<p>Le Fx est un harnais extr\u00eamement confortable.\u00a0A la fois souple et flexible, il s&#8217;adapte parfaitement \u00e0 votre mophologie pour vous offrir le maximum de libert\u00e9 de mouvement.<\/p>\n<p>L\u00e9ger et robuste\u00a0ce harnais Prolimit de kitesurf s\u00e9duira les freestylers avertis comme les riders occasionnels \u00e0 la recherche de confort et de tenue.<\/p>\n<p>Un harnais de kite qui offre un\u00a0confort de premier ordre\u00a0et assure un maintien efficace.<\/p>\n<p><img loading=\"lazy\" class=\"alignleft size-medium wp-image-3315\" alt=\"fx\" src=\"http:\/\/kitesurfnoumea.nc\/wp\/wp-content\/uploads\/2016\/12\/FX-.jpg\" width=\"227\" height=\"222\" \/><\/p>\n<p>&nbsp;<\/p>\n<p>&#8211; 25 %<\/p>\n<p><del>18900 frs\u00a0<\/del> &#8211;&gt;14 175 frs<\/p>\n","protected":false},"excerpt":{"rendered":"<p>&nbsp; Le Fx est un harnais extr\u00eamement confortable.\u00a0A la fois souple et flexible, il s&#8217;adapte parfaitement \u00e0 votre mophologie pour vous offrir le maximum de libert\u00e9 de mouvement. L\u00e9ger et robuste\u00a0ce harnais Prolimit de kitesurf s\u00e9duira les freestylers avertis comme &hellip;<\/p>\n","protected":false},"featured_media":0,"comment_status":"open","ping_status":"open","template":"","product_category":[247,26],"product_tag":[189,167],"_links":{"self":[{"href":"https:\/\/kitesurfnoumea.nc\/en\/wp-json\/wp\/v2\/product\/3314"}],"collection":[{"href":"https:\/\/kitesurfnoumea.nc\/en\/wp-json\/wp\/v2\/product"}],"about":[{"href":"https:\/\/kitesurfnoumea.nc\/en\/wp-json\/wp\/v2\/types\/product"}],"replies":[{"embeddable":true,"href":"https:\/\/kitesurfnoumea.nc\/en\/wp-json\/wp\/v2\/comments?post=3314"}],"version-history":[{"count":1,"href":"https:\/\/kitesurfnoumea.nc\/en\/wp-json\/wp\/v2\/product\/3314\/revisions"}],"predecessor-version":[{"id":3445,"href":"https:\/\/kitesurfnoumea.nc\/en\/wp-json\/wp\/v2\/product\/3314\/revisions\/3445"}],"wp:attachment":[{"href":"https:\/\/kitesurfnoumea.nc\/en\/wp-json\/wp\/v2\/media?parent=3314"}],"wp:term":[{"taxonomy":"product_category","embeddable":true,"href":"https:\/\/kitesurfnoumea.nc\/en\/wp-json\/wp\/v2\/product_category?post=3314"},{"taxonomy":"product_tag","embeddable":true,"href":"https:\/\/kitesurfnoumea.nc\/en\/wp-json\/wp\/v2\/product_tag?post=3314"}],"curies":[{"name":"wp","href":"https:\/\/api.w.org\/{rel}","templated":true}]}}