{"id":3308,"date":"2016-12-13T10:14:08","date_gmt":"2016-12-12T23:14:08","guid":{"rendered":"http:\/\/kitesurfnoumea.nc\/?post_type=product&#038;p=3308"},"modified":"2016-12-13T10:19:51","modified_gmt":"2016-12-12T23:19:51","slug":"dakine-pyro","status":"publish","type":"product","link":"https:\/\/kitesurfnoumea.nc\/en\/product\/dakine-pyro\/","title":{"rendered":"Dakine &#8211; Pyro"},"content":{"rendered":"<p>Le Dakine Pyro est le harnais embl\u00e9matique pour la pratique du Kitesurf. C\u00f4t\u00e9\u00a0technique il dispose d\u2019une mousse \u00e0 m\u00e9moire de forme pour un maintien sur mesure et un confort de navigation optimale. Le Dakine Pyro fera encore cette ann\u00e9e l\u2019unanimit\u00e9 sur les spots de kitesurf.<\/p>\n<p><a style=\"font-style: normal; text-decoration: underline;\" href=\"http:\/\/kitesurfnoumea.nc\/wp\/wp-content\/uploads\/2016\/12\/pyro1.jpg\"><img loading=\"lazy\" class=\"alignleft size-full wp-image-3310\" style=\"border-color: #bbbbbb; margin-top: 0.4em; background-color: #eeeeee;\" alt=\"pyro\" src=\"http:\/\/kitesurfnoumea.nc\/wp\/wp-content\/uploads\/2016\/12\/pyro1.jpg\" width=\"230\" height=\"219\" srcset=\"https:\/\/kitesurfnoumea.nc\/wp-content\/uploads\/2016\/12\/pyro1.jpg 230w, https:\/\/kitesurfnoumea.nc\/wp-content\/uploads\/2016\/12\/pyro1-157x150.jpg 157w, https:\/\/kitesurfnoumea.nc\/wp-content\/uploads\/2016\/12\/pyro1-36x34.jpg 36w, https:\/\/kitesurfnoumea.nc\/wp-content\/uploads\/2016\/12\/pyro1-90x85.jpg 90w, https:\/\/kitesurfnoumea.nc\/wp-content\/uploads\/2016\/12\/pyro1-150x142.jpg 150w, https:\/\/kitesurfnoumea.nc\/wp-content\/uploads\/2016\/12\/pyro1-32x30.jpg 32w\" sizes=\"(max-width: 230px) 100vw, 230px\" \/><\/a><\/p>\n<p>&nbsp;<\/p>\n<p>&nbsp;<\/p>\n","protected":false},"excerpt":{"rendered":"<p>Le Dakine Pyro est le harnais embl\u00e9matique pour la pratique du Kitesurf. C\u00f4t\u00e9\u00a0technique il dispose d\u2019une mousse \u00e0 m\u00e9moire de forme pour un maintien sur mesure et un confort de navigation optimale. Le Dakine Pyro fera encore cette ann\u00e9e l\u2019unanimit\u00e9 &hellip;<\/p>\n","protected":false},"featured_media":3310,"comment_status":"open","ping_status":"open","template":"","product_category":[26],"product_tag":[147,177,277,167,186,185,187],"_links":{"self":[{"href":"https:\/\/kitesurfnoumea.nc\/en\/wp-json\/wp\/v2\/product\/3308"}],"collection":[{"href":"https:\/\/kitesurfnoumea.nc\/en\/wp-json\/wp\/v2\/product"}],"about":[{"href":"https:\/\/kitesurfnoumea.nc\/en\/wp-json\/wp\/v2\/types\/product"}],"replies":[{"embeddable":true,"href":"https:\/\/kitesurfnoumea.nc\/en\/wp-json\/wp\/v2\/comments?post=3308"}],"version-history":[{"count":1,"href":"https:\/\/kitesurfnoumea.nc\/en\/wp-json\/wp\/v2\/product\/3308\/revisions"}],"predecessor-version":[{"id":3311,"href":"https:\/\/kitesurfnoumea.nc\/en\/wp-json\/wp\/v2\/product\/3308\/revisions\/3311"}],"wp:featuredmedia":[{"embeddable":true,"href":"https:\/\/kitesurfnoumea.nc\/en\/wp-json\/wp\/v2\/media\/3310"}],"wp:attachment":[{"href":"https:\/\/kitesurfnoumea.nc\/en\/wp-json\/wp\/v2\/media?parent=3308"}],"wp:term":[{"taxonomy":"product_category","embeddable":true,"href":"https:\/\/kitesurfnoumea.nc\/en\/wp-json\/wp\/v2\/product_category?post=3308"},{"taxonomy":"product_tag","embeddable":true,"href":"https:\/\/kitesurfnoumea.nc\/en\/wp-json\/wp\/v2\/product_tag?post=3308"}],"curies":[{"name":"wp","href":"https:\/\/api.w.org\/{rel}","templated":true}]}}