{"id":3300,"date":"2016-12-13T09:39:44","date_gmt":"2016-12-12T22:39:44","guid":{"rendered":"http:\/\/kitesurfnoumea.nc\/?post_type=product&#038;p=3300"},"modified":"2016-12-13T09:41:49","modified_gmt":"2016-12-12T22:41:49","slug":"prolimit-pure-eve","status":"publish","type":"product","link":"https:\/\/kitesurfnoumea.nc\/en\/product\/prolimit-pure-eve\/","title":{"rendered":"Prolimit &#8211; Pure Eve"},"content":{"rendered":"<p>ce mod\u00e8le Pure Eve pour Femme est<strong>\u00a0tr\u00e8s l\u00e9ger<\/strong>\u00a0tout en vous procurant un\u00a0<strong>maximum de confort. <\/strong>En effet ce harnais con\u00e7u avec un appui moul\u00e9 saura parfaitement \u00e9pouser les formes de la rideuse<b><br \/>\n<\/b><\/p>\n<p>Gr\u00e2ce \u00e0 la\u00a0techn<a href=\"http:\/\/kitesurfnoumea.nc\/wp\/wp-content\/uploads\/2016\/12\/pure-eve.jpg\"><img loading=\"lazy\" class=\"alignleft size-full wp-image-3301\" alt=\"pure-eve\" src=\"http:\/\/kitesurfnoumea.nc\/wp\/wp-content\/uploads\/2016\/12\/pure-eve.jpg\" width=\"272\" height=\"185\" \/><\/a>ologie hybride unique, il \u00e9pouse parfaitement la morphologie de votre corps pour se faire totalement oublier durant la session. La ceinture int\u00e9rieure en Nylon apporte un\u00a0<strong>confort vraiment exceptionnel<\/strong>.<\/p>\n<p>C\u00f4t\u00e9 maintien, la spreader bar assure un\u00a0<strong>serrage parfait\u00a0<\/strong>pour faire de ce mod\u00e8le Pure Eve une r\u00e9f\u00e9rence dans les\u00a0<strong>harnais de kitesurf f\u00e9minins<\/strong>.<\/p>\n<p>Les mat\u00e9riaux utilis\u00e9s n&#8217;absorbent pas du tout l&#8217;eau, permettant ainsi de garder un harnais l\u00e9ger tout au long de la session..<\/p>\n","protected":false},"excerpt":{"rendered":"<p>ce mod\u00e8le Pure Eve pour Femme est\u00a0tr\u00e8s l\u00e9ger\u00a0tout en vous procurant un\u00a0maximum de confort. En effet ce harnais con\u00e7u avec un appui moul\u00e9 saura parfaitement \u00e9pouser les formes de la rideuse Gr\u00e2ce \u00e0 la\u00a0technologie hybride unique, il \u00e9pouse parfaitement la &hellip;<\/p>\n","protected":false},"featured_media":0,"comment_status":"open","ping_status":"open","template":"","product_category":[26],"product_tag":[182,180,167,181,183],"_links":{"self":[{"href":"https:\/\/kitesurfnoumea.nc\/en\/wp-json\/wp\/v2\/product\/3300"}],"collection":[{"href":"https:\/\/kitesurfnoumea.nc\/en\/wp-json\/wp\/v2\/product"}],"about":[{"href":"https:\/\/kitesurfnoumea.nc\/en\/wp-json\/wp\/v2\/types\/product"}],"replies":[{"embeddable":true,"href":"https:\/\/kitesurfnoumea.nc\/en\/wp-json\/wp\/v2\/comments?post=3300"}],"version-history":[{"count":0,"href":"https:\/\/kitesurfnoumea.nc\/en\/wp-json\/wp\/v2\/product\/3300\/revisions"}],"wp:attachment":[{"href":"https:\/\/kitesurfnoumea.nc\/en\/wp-json\/wp\/v2\/media?parent=3300"}],"wp:term":[{"taxonomy":"product_category","embeddable":true,"href":"https:\/\/kitesurfnoumea.nc\/en\/wp-json\/wp\/v2\/product_category?post=3300"},{"taxonomy":"product_tag","embeddable":true,"href":"https:\/\/kitesurfnoumea.nc\/en\/wp-json\/wp\/v2\/product_tag?post=3300"}],"curies":[{"name":"wp","href":"https:\/\/api.w.org\/{rel}","templated":true}]}}