{"id":3298,"date":"2016-12-13T09:24:20","date_gmt":"2016-12-12T22:24:20","guid":{"rendered":"http:\/\/kitesurfnoumea.nc\/?post_type=product&#038;p=3298"},"modified":"2016-12-13T09:24:20","modified_gmt":"2016-12-12T22:24:20","slug":"prolimit-predator-2","status":"publish","type":"product","link":"https:\/\/kitesurfnoumea.nc\/en\/product\/prolimit-predator-2\/","title":{"rendered":"Prolimit &#8211; Predator"},"content":{"rendered":"<p>&nbsp;<\/p>\n<p><a href=\"http:\/\/kitesurfnoumea.nc\/wp\/wp-content\/uploads\/2016\/12\/harnais-prolimit-predator.jpg\"><img loading=\"lazy\" class=\"alignleft size-medium wp-image-3299\" alt=\"harnais-prolimit-predator\" src=\"http:\/\/kitesurfnoumea.nc\/wp\/wp-content\/uploads\/2016\/12\/harnais-prolimit-predator-300x300.jpg\" width=\"300\" height=\"300\" srcset=\"https:\/\/kitesurfnoumea.nc\/wp-content\/uploads\/2016\/12\/harnais-prolimit-predator-300x300.jpg 300w, https:\/\/kitesurfnoumea.nc\/wp-content\/uploads\/2016\/12\/harnais-prolimit-predator-150x150.jpg 150w, https:\/\/kitesurfnoumea.nc\/wp-content\/uploads\/2016\/12\/harnais-prolimit-predator-80x80.jpg 80w, https:\/\/kitesurfnoumea.nc\/wp-content\/uploads\/2016\/12\/harnais-prolimit-predator-90x90.jpg 90w, https:\/\/kitesurfnoumea.nc\/wp-content\/uploads\/2016\/12\/harnais-prolimit-predator-50x50.jpg 50w, https:\/\/kitesurfnoumea.nc\/wp-content\/uploads\/2016\/12\/harnais-prolimit-predator-100x100.jpg 100w, https:\/\/kitesurfnoumea.nc\/wp-content\/uploads\/2016\/12\/harnais-prolimit-predator-36x36.jpg 36w, https:\/\/kitesurfnoumea.nc\/wp-content\/uploads\/2016\/12\/harnais-prolimit-predator-32x32.jpg 32w, https:\/\/kitesurfnoumea.nc\/wp-content\/uploads\/2016\/12\/harnais-prolimit-predator.jpg 458w\" sizes=\"(max-width: 300px) 100vw, 300px\" \/><\/a>Meilleure vente, le Pr\u00e9dator offre une technologie hybride avec une peau ext\u00e9rieure en forme et moul\u00e9 et cousu int\u00e9rieure.\u00a0La hauteur de support dorsal milieu permet plus de backbend pendant les manoeuvres extr\u00eames tandis que le flanc sup\u00e9rieur prot\u00e8ge les c\u00f4tes.<\/p>\n<p>Double boucles et sangles multiples Dura base en combinaison avec la barre Fat se r\u00e9pandent les charges et evitent \u00e0 la barre de remonter avec son foureau<\/p>\n","protected":false},"excerpt":{"rendered":"<p>&nbsp; Meilleure vente, le Pr\u00e9dator offre une technologie hybride avec une peau ext\u00e9rieure en forme et moul\u00e9 et cousu int\u00e9rieure.\u00a0La hauteur de support dorsal milieu permet plus de backbend pendant les manoeuvres extr\u00eames tandis que le flanc sup\u00e9rieur prot\u00e8ge les &hellip;<\/p>\n","protected":false},"featured_media":3299,"comment_status":"open","ping_status":"open","template":"","product_category":[26],"product_tag":[177,167,179,178],"_links":{"self":[{"href":"https:\/\/kitesurfnoumea.nc\/en\/wp-json\/wp\/v2\/product\/3298"}],"collection":[{"href":"https:\/\/kitesurfnoumea.nc\/en\/wp-json\/wp\/v2\/product"}],"about":[{"href":"https:\/\/kitesurfnoumea.nc\/en\/wp-json\/wp\/v2\/types\/product"}],"replies":[{"embeddable":true,"href":"https:\/\/kitesurfnoumea.nc\/en\/wp-json\/wp\/v2\/comments?post=3298"}],"version-history":[{"count":0,"href":"https:\/\/kitesurfnoumea.nc\/en\/wp-json\/wp\/v2\/product\/3298\/revisions"}],"wp:featuredmedia":[{"embeddable":true,"href":"https:\/\/kitesurfnoumea.nc\/en\/wp-json\/wp\/v2\/media\/3299"}],"wp:attachment":[{"href":"https:\/\/kitesurfnoumea.nc\/en\/wp-json\/wp\/v2\/media?parent=3298"}],"wp:term":[{"taxonomy":"product_category","embeddable":true,"href":"https:\/\/kitesurfnoumea.nc\/en\/wp-json\/wp\/v2\/product_category?post=3298"},{"taxonomy":"product_tag","embeddable":true,"href":"https:\/\/kitesurfnoumea.nc\/en\/wp-json\/wp\/v2\/product_tag?post=3298"}],"curies":[{"name":"wp","href":"https:\/\/api.w.org\/{rel}","templated":true}]}}