{"id":3295,"date":"2016-12-12T18:10:05","date_gmt":"2016-12-12T07:10:05","guid":{"rendered":"http:\/\/kitesurfnoumea.nc\/?post_type=product&#038;p=3295"},"modified":"2016-12-13T15:44:43","modified_gmt":"2016-12-13T04:44:43","slug":"airush-razor-2017","status":"publish","type":"product","link":"https:\/\/kitesurfnoumea.nc\/en\/product\/airush-razor-2017\/","title":{"rendered":"Airush Razor 2017"},"content":{"rendered":"<p>&nbsp;<\/p>\n<p><img loading=\"lazy\" class=\"alignleft size-full wp-image-3296\" style=\"border-color: #bbbbbb; margin-top: 0.4em; background-color: #eeeeee;\" alt=\"razor\" src=\"http:\/\/kitesurfnoumea.nc\/wp\/wp-content\/uploads\/2016\/12\/Razor.jpg\" width=\"244\" height=\"207\" \/><\/p>\n<p>La razor vous offrira une stabilit\u00e9 et une performance de conduite \u00e0 toute \u00e9preuve ainsi qu&#8217;une parfaite perormance en d\u00e9hook\u00e9.<br \/>\nPanneaux technoforce D2 pour une parfaite combinaison entre durabilit\u00e9 et l\u00e9g\u00e8ret\u00e9.<br \/>\nXL inflate\/deflate valve pour mettre une rapide gonflage ou d\u00e9gonflage de l&#8217;aile. La largeur plus \u00e9paisse r\u00e9duit la fatigue sur la pompe. Ceci combin\u00e9 \u00e0 la pompe haute v\u00e9locit\u00e9 Airush permet de gonfler votre aile tr\u00e8s rapidement.<br \/>\nAjustement Frontline : Permet de changer compl\u00e8tement le comportement de l&#8217;aile et donc la mani\u00e8re de rider. Lors de l&#8217;attache \u00e0 la ligne rouge la razor devient une aile wakestyle avec un potentiel de pop immense et une puissance d\u00e9cupl\u00e9e. Lors de l&#8217;attache \u00e0 la ligne bleue l&#8217;aile vous donnera plus de l\u00e9g\u00e8ret\u00e9 et de libert\u00e9, de confort pour un programme plus classique de freeride et de freestyle<br \/>\nRenforcement en Kevlar dans les zones critiques de l&#8217;aile pour plus de r\u00e9sistance sans affecter le poids de l&#8217;aile et donc la performance.<br \/>\nAile 5 lignes afin de contenir toute la puissance d\u00e9velopp\u00e9e par celle-ci<\/p>\n<p>Prix 139 000 F<\/p>\n","protected":false},"excerpt":{"rendered":"<p>&nbsp; La razor vous offrira une stabilit\u00e9 et une performance de conduite \u00e0 toute \u00e9preuve ainsi qu&#8217;une parfaite perormance en d\u00e9hook\u00e9. Panneaux technoforce D2 pour une parfaite combinaison entre durabilit\u00e9 et l\u00e9g\u00e8ret\u00e9. XL inflate\/deflate valve pour mettre une rapide gonflage &hellip;<\/p>\n","protected":false},"featured_media":0,"comment_status":"open","ping_status":"open","template":"","product_category":[24],"product_tag":[163,282,275,161,90,176],"_links":{"self":[{"href":"https:\/\/kitesurfnoumea.nc\/en\/wp-json\/wp\/v2\/product\/3295"}],"collection":[{"href":"https:\/\/kitesurfnoumea.nc\/en\/wp-json\/wp\/v2\/product"}],"about":[{"href":"https:\/\/kitesurfnoumea.nc\/en\/wp-json\/wp\/v2\/types\/product"}],"replies":[{"embeddable":true,"href":"https:\/\/kitesurfnoumea.nc\/en\/wp-json\/wp\/v2\/comments?post=3295"}],"version-history":[{"count":0,"href":"https:\/\/kitesurfnoumea.nc\/en\/wp-json\/wp\/v2\/product\/3295\/revisions"}],"wp:attachment":[{"href":"https:\/\/kitesurfnoumea.nc\/en\/wp-json\/wp\/v2\/media?parent=3295"}],"wp:term":[{"taxonomy":"product_category","embeddable":true,"href":"https:\/\/kitesurfnoumea.nc\/en\/wp-json\/wp\/v2\/product_category?post=3295"},{"taxonomy":"product_tag","embeddable":true,"href":"https:\/\/kitesurfnoumea.nc\/en\/wp-json\/wp\/v2\/product_tag?post=3295"}],"curies":[{"name":"wp","href":"https:\/\/api.w.org\/{rel}","templated":true}]}}