{"id":3290,"date":"2016-12-12T17:26:06","date_gmt":"2016-12-12T06:26:06","guid":{"rendered":"http:\/\/kitesurfnoumea.nc\/?post_type=product&#038;p=3290"},"modified":"2016-12-12T17:27:51","modified_gmt":"2016-12-12T06:27:51","slug":"airush-vox-2017","status":"publish","type":"product","link":"https:\/\/kitesurfnoumea.nc\/en\/product\/airush-vox-2017\/","title":{"rendered":"Airush Vox 2017"},"content":{"rendered":"<p>La Vox appara\u00eet comme la planche id\u00e9al dans une optique de progression et peut s&#8217;adapter au petits budgets. Une fois lanc\u00e9e elle\u00a0se cale ais\u00e9ment sur son rail et permet de se balader en proposant des remont\u00e9es au vent impressionnantes et facile. Le rideur d\u00e9butant appr\u00e9ciera \u00e9galement particuli\u00e8rement son c\u00f4t\u00e9 ludique et facile. Maniable et joueuse, cette Airush s\u2019adapte aux diff\u00e9rents plans d\u2019eau. On appr\u00e9cie le confort des pads\/straps avec un tr\u00e8s bon maintien du pied. En d\u00e9finitive, en se montrant \u00e9volutive et tol\u00e9rante, cette Airush Vox se pr\u00e9sente comme une board saine dans son comportement et s\u2019oriente donc vers un public \u00e9volutif en recherche de performances et de confort.\u200b<\/p>\n<p>59 000 frs<\/p>\n<p><a href=\"http:\/\/kitesurfnoumea.nc\/wp\/wp-content\/uploads\/2016\/12\/VOX-.jpg\"><img loading=\"lazy\" class=\"alignleft size-full wp-image-3291\" alt=\"vox\" src=\"http:\/\/kitesurfnoumea.nc\/wp\/wp-content\/uploads\/2016\/12\/VOX-.jpg\" width=\"210\" height=\"240\" srcset=\"https:\/\/kitesurfnoumea.nc\/wp-content\/uploads\/2016\/12\/VOX-.jpg 210w, https:\/\/kitesurfnoumea.nc\/wp-content\/uploads\/2016\/12\/VOX--131x150.jpg 131w, https:\/\/kitesurfnoumea.nc\/wp-content\/uploads\/2016\/12\/VOX--31x36.jpg 31w, https:\/\/kitesurfnoumea.nc\/wp-content\/uploads\/2016\/12\/VOX--78x90.jpg 78w, https:\/\/kitesurfnoumea.nc\/wp-content\/uploads\/2016\/12\/VOX--28x32.jpg 28w\" sizes=\"(max-width: 210px) 100vw, 210px\" \/><\/a><\/p>\n","protected":false},"excerpt":{"rendered":"<p>La Vox appara\u00eet comme la planche id\u00e9al dans une optique de progression et peut s&#8217;adapter au petits budgets. Une fois lanc\u00e9e elle\u00a0se cale ais\u00e9ment sur son rail et permet de se balader en proposant des remont\u00e9es au vent impressionnantes et &hellip;<\/p>\n","protected":false},"featured_media":3291,"comment_status":"open","ping_status":"open","template":"","product_category":[272],"product_tag":[163,275,145,170,164,171,146],"_links":{"self":[{"href":"https:\/\/kitesurfnoumea.nc\/en\/wp-json\/wp\/v2\/product\/3290"}],"collection":[{"href":"https:\/\/kitesurfnoumea.nc\/en\/wp-json\/wp\/v2\/product"}],"about":[{"href":"https:\/\/kitesurfnoumea.nc\/en\/wp-json\/wp\/v2\/types\/product"}],"replies":[{"embeddable":true,"href":"https:\/\/kitesurfnoumea.nc\/en\/wp-json\/wp\/v2\/comments?post=3290"}],"version-history":[{"count":0,"href":"https:\/\/kitesurfnoumea.nc\/en\/wp-json\/wp\/v2\/product\/3290\/revisions"}],"wp:featuredmedia":[{"embeddable":true,"href":"https:\/\/kitesurfnoumea.nc\/en\/wp-json\/wp\/v2\/media\/3291"}],"wp:attachment":[{"href":"https:\/\/kitesurfnoumea.nc\/en\/wp-json\/wp\/v2\/media?parent=3290"}],"wp:term":[{"taxonomy":"product_category","embeddable":true,"href":"https:\/\/kitesurfnoumea.nc\/en\/wp-json\/wp\/v2\/product_category?post=3290"},{"taxonomy":"product_tag","embeddable":true,"href":"https:\/\/kitesurfnoumea.nc\/en\/wp-json\/wp\/v2\/product_tag?post=3290"}],"curies":[{"name":"wp","href":"https:\/\/api.w.org\/{rel}","templated":true}]}}