{"id":3284,"date":"2016-12-12T17:03:31","date_gmt":"2016-12-12T06:03:31","guid":{"rendered":"http:\/\/kitesurfnoumea.nc\/?post_type=product&#038;p=3284"},"modified":"2016-12-12T17:08:09","modified_gmt":"2016-12-12T06:08:09","slug":"airush-diamond-2017","status":"publish","type":"product","link":"https:\/\/kitesurfnoumea.nc\/en\/product\/airush-diamond-2017\/","title":{"rendered":"Airush Diamond 2017"},"content":{"rendered":"<p>La Diamond revient cette ann\u00e9e avec un nouveau design des plus impressionants. Elle deviendra sans aucun doute la board de r\u00e9f\u00e9rence pour les rideuses.<br \/>\nLe Flex est plus doux pouvant s&#8217;adapter pour les rideuses plus petites.<br \/>\nLa diamond est con\u00e7ue pour les rideuses freeride\/freestyle qui recherchent la \u00a0performance.<br \/>\nRocker ultra progressif<br \/>\nDesign asym\u00e9trique pour am\u00e9liorer les performances en upwind<\/p>\n<p>85 000 frs<\/p>\n<p><a href=\"http:\/\/kitesurfnoumea.nc\/wp\/wp-content\/uploads\/2016\/12\/diamond-2017.jpg\"><img loading=\"lazy\" class=\"alignleft size-full wp-image-3286\" alt=\"diamond-2017\" src=\"http:\/\/kitesurfnoumea.nc\/wp\/wp-content\/uploads\/2016\/12\/diamond-2017.jpg\" width=\"244\" height=\"207\" \/><\/a><\/p>\n","protected":false},"excerpt":{"rendered":"<p>La Diamond revient cette ann\u00e9e avec un nouveau design des plus impressionants. Elle deviendra sans aucun doute la board de r\u00e9f\u00e9rence pour les rideuses. Le Flex est plus doux pouvant s&#8217;adapter pour les rideuses plus petites. La diamond est con\u00e7ue &hellip;<\/p>\n","protected":false},"featured_media":0,"comment_status":"open","ping_status":"open","template":"","product_category":[272],"product_tag":[163,275,145,148,169,164],"_links":{"self":[{"href":"https:\/\/kitesurfnoumea.nc\/en\/wp-json\/wp\/v2\/product\/3284"}],"collection":[{"href":"https:\/\/kitesurfnoumea.nc\/en\/wp-json\/wp\/v2\/product"}],"about":[{"href":"https:\/\/kitesurfnoumea.nc\/en\/wp-json\/wp\/v2\/types\/product"}],"replies":[{"embeddable":true,"href":"https:\/\/kitesurfnoumea.nc\/en\/wp-json\/wp\/v2\/comments?post=3284"}],"version-history":[{"count":1,"href":"https:\/\/kitesurfnoumea.nc\/en\/wp-json\/wp\/v2\/product\/3284\/revisions"}],"predecessor-version":[{"id":3289,"href":"https:\/\/kitesurfnoumea.nc\/en\/wp-json\/wp\/v2\/product\/3284\/revisions\/3289"}],"wp:attachment":[{"href":"https:\/\/kitesurfnoumea.nc\/en\/wp-json\/wp\/v2\/media?parent=3284"}],"wp:term":[{"taxonomy":"product_category","embeddable":true,"href":"https:\/\/kitesurfnoumea.nc\/en\/wp-json\/wp\/v2\/product_category?post=3284"},{"taxonomy":"product_tag","embeddable":true,"href":"https:\/\/kitesurfnoumea.nc\/en\/wp-json\/wp\/v2\/product_tag?post=3284"}],"curies":[{"name":"wp","href":"https:\/\/api.w.org\/{rel}","templated":true}]}}