{"id":3279,"date":"2016-12-12T16:53:55","date_gmt":"2016-12-12T05:53:55","guid":{"rendered":"http:\/\/kitesurfnoumea.nc\/?post_type=product&#038;p=3279"},"modified":"2016-12-12T16:56:57","modified_gmt":"2016-12-12T05:56:57","slug":"airush-apex","status":"publish","type":"product","link":"https:\/\/kitesurfnoumea.nc\/en\/product\/airush-apex\/","title":{"rendered":"Airush Apex 2017"},"content":{"rendered":"<p>La nouvelle Apex poss\u00e8de un Higher rocker qui favorise le confort en prise de quart, elle est aussi \u00e9quip\u00e9e d&#8217;une\u00a0Large platforme pour les performances upwind et le d\u00e9part au planing, sans oublier le\u00a0Venturri Bottom qui est le nouveau shape, il offrira un meilleur contr\u00f4le et une meilleure prise de\u00a0vitesse. Coupler avec le\u00a0Deck 3D Asymetrique pour un meilleur \u00e9quilibre et un meilleur confort \u00e0 haute vitesse. elle s&#8217;impose donc comme la board du rider interm\u00e9diaire ou avanc\u00e9 qui souhaite performer dans la discipline.<\/p>\n<p>La Apex offre au rider de passer des straps aux chausses sans compromis sur la performance.<br \/>\nLe renforcement de la board la rend parfaite pour le all-round freeride\/Freestyle<\/p>\n<p>85 000 frs<\/p>\n<p><a href=\"http:\/\/kitesurfnoumea.nc\/wp\/wp-content\/uploads\/2016\/12\/Apex-2017.jpg\"><img loading=\"lazy\" class=\"alignleft size-full wp-image-3280\" alt=\"apex-2017\" src=\"http:\/\/kitesurfnoumea.nc\/wp\/wp-content\/uploads\/2016\/12\/Apex-2017.jpg\" width=\"244\" height=\"207\" \/><\/a><\/p>\n","protected":false},"excerpt":{"rendered":"<p>La nouvelle Apex poss\u00e8de un Higher rocker qui favorise le confort en prise de quart, elle est aussi \u00e9quip\u00e9e d&#8217;une\u00a0Large platforme pour les performances upwind et le d\u00e9part au planing, sans oublier le\u00a0Venturri Bottom qui est le nouveau shape, il &hellip;<\/p>\n","protected":false},"featured_media":0,"comment_status":"open","ping_status":"open","template":"","product_category":[272],"product_tag":[163,275,165,145,166,161,164],"_links":{"self":[{"href":"https:\/\/kitesurfnoumea.nc\/en\/wp-json\/wp\/v2\/product\/3279"}],"collection":[{"href":"https:\/\/kitesurfnoumea.nc\/en\/wp-json\/wp\/v2\/product"}],"about":[{"href":"https:\/\/kitesurfnoumea.nc\/en\/wp-json\/wp\/v2\/types\/product"}],"replies":[{"embeddable":true,"href":"https:\/\/kitesurfnoumea.nc\/en\/wp-json\/wp\/v2\/comments?post=3279"}],"version-history":[{"count":1,"href":"https:\/\/kitesurfnoumea.nc\/en\/wp-json\/wp\/v2\/product\/3279\/revisions"}],"predecessor-version":[{"id":3282,"href":"https:\/\/kitesurfnoumea.nc\/en\/wp-json\/wp\/v2\/product\/3279\/revisions\/3282"}],"wp:attachment":[{"href":"https:\/\/kitesurfnoumea.nc\/en\/wp-json\/wp\/v2\/media?parent=3279"}],"wp:term":[{"taxonomy":"product_category","embeddable":true,"href":"https:\/\/kitesurfnoumea.nc\/en\/wp-json\/wp\/v2\/product_category?post=3279"},{"taxonomy":"product_tag","embeddable":true,"href":"https:\/\/kitesurfnoumea.nc\/en\/wp-json\/wp\/v2\/product_tag?post=3279"}],"curies":[{"name":"wp","href":"https:\/\/api.w.org\/{rel}","templated":true}]}}