{"id":3274,"date":"2016-12-12T15:17:17","date_gmt":"2016-12-12T04:17:17","guid":{"rendered":"http:\/\/kitesurfnoumea.nc\/?post_type=product&#038;p=3274"},"modified":"2016-12-12T17:26:54","modified_gmt":"2016-12-12T06:26:54","slug":"airush-switch-2","status":"publish","type":"product","link":"https:\/\/kitesurfnoumea.nc\/en\/product\/airush-switch-2\/","title":{"rendered":"Airush switch 2017"},"content":{"rendered":"<p>Il y a une bonne raison pour que la Switch soit la board la plus vendue de la gamme Airush. Il s&#8217;agit de la planche la plus polyvalente que nous proposons, en effet elle peut convenir au rider d\u00e9butant comme au rider avanc\u00e9. La version 2017 est bien \u00e9videmment plus l\u00e9g\u00e8re que son a\u00een\u00e9e et offre une meilleure pr\u00e9cision. L&#8217;apparition d&#8217;un nouveau shape conf\u00e8re un meilleure flex qui favorisera le pop.<\/p>\n<p>75 000 frs<\/p>\n<p><a href=\"http:\/\/kitesurfnoumea.nc\/wp\/wp-content\/uploads\/2016\/12\/2017_Airush__0000_SWITCH.png\"><img loading=\"lazy\" class=\"alignleft size-medium wp-image-3275\" alt=\"2017_airush__0000_switch\" src=\"http:\/\/kitesurfnoumea.nc\/wp\/wp-content\/uploads\/2016\/12\/2017_Airush__0000_SWITCH-300x254.png\" width=\"300\" height=\"254\" \/><\/a><\/p>\n","protected":false},"excerpt":{"rendered":"<p>Il y a une bonne raison pour que la Switch soit la board la plus vendue de la gamme Airush. Il s&#8217;agit de la planche la plus polyvalente que nous proposons, en effet elle peut convenir au rider d\u00e9butant comme &hellip;<\/p>\n","protected":false},"featured_media":0,"comment_status":"open","ping_status":"open","template":"","product_category":[272],"product_tag":[],"_links":{"self":[{"href":"https:\/\/kitesurfnoumea.nc\/en\/wp-json\/wp\/v2\/product\/3274"}],"collection":[{"href":"https:\/\/kitesurfnoumea.nc\/en\/wp-json\/wp\/v2\/product"}],"about":[{"href":"https:\/\/kitesurfnoumea.nc\/en\/wp-json\/wp\/v2\/types\/product"}],"replies":[{"embeddable":true,"href":"https:\/\/kitesurfnoumea.nc\/en\/wp-json\/wp\/v2\/comments?post=3274"}],"version-history":[{"count":1,"href":"https:\/\/kitesurfnoumea.nc\/en\/wp-json\/wp\/v2\/product\/3274\/revisions"}],"predecessor-version":[{"id":3276,"href":"https:\/\/kitesurfnoumea.nc\/en\/wp-json\/wp\/v2\/product\/3274\/revisions\/3276"}],"wp:attachment":[{"href":"https:\/\/kitesurfnoumea.nc\/en\/wp-json\/wp\/v2\/media?parent=3274"}],"wp:term":[{"taxonomy":"product_category","embeddable":true,"href":"https:\/\/kitesurfnoumea.nc\/en\/wp-json\/wp\/v2\/product_category?post=3274"},{"taxonomy":"product_tag","embeddable":true,"href":"https:\/\/kitesurfnoumea.nc\/en\/wp-json\/wp\/v2\/product_tag?post=3274"}],"curies":[{"name":"wp","href":"https:\/\/api.w.org\/{rel}","templated":true}]}}