{"id":3054,"date":"2015-09-20T08:26:12","date_gmt":"2015-09-19T21:26:12","guid":{"rendered":"http:\/\/kitesurfnoumea.nc\/?post_type=product&#038;p=3054"},"modified":"2016-12-16T17:30:39","modified_gmt":"2016-12-16T06:30:39","slug":"airush-union-2016","status":"publish","type":"product","link":"https:\/\/kitesurfnoumea.nc\/en\/product\/airush-union-2016\/","title":{"rendered":"Airush &#8211; Union 2016"},"content":{"rendered":"<h4><strong><a href=\"http:\/\/kitesurfnoumea.nc\/wp\/wp-content\/uploads\/2015\/09\/union-2016-.png\"><img loading=\"lazy\" class=\"alignleft size-medium wp-image-3039\" alt=\"union 2016\" src=\"http:\/\/kitesurfnoumea.nc\/wp\/wp-content\/uploads\/2015\/09\/union-2016--262x300.png\" width=\"262\" height=\"300\" srcset=\"https:\/\/kitesurfnoumea.nc\/wp-content\/uploads\/2015\/09\/union-2016--262x300.png 262w, https:\/\/kitesurfnoumea.nc\/wp-content\/uploads\/2015\/09\/union-2016--131x150.png 131w, https:\/\/kitesurfnoumea.nc\/wp-content\/uploads\/2015\/09\/union-2016--31x36.png 31w, https:\/\/kitesurfnoumea.nc\/wp-content\/uploads\/2015\/09\/union-2016--78x90.png 78w, https:\/\/kitesurfnoumea.nc\/wp-content\/uploads\/2015\/09\/union-2016--28x32.png 28w, https:\/\/kitesurfnoumea.nc\/wp-content\/uploads\/2015\/09\/union-2016-.png 350w\" sizes=\"(max-width: 262px) 100vw, 262px\" \/><\/a>Aile Airush Union 2016:<\/strong><\/h4>\n<div><b>\u00a0 Tarifs Destockage \u00a0<\/b><b>Aile Nu 97 000 F \u00a0en 8m2\u00a0<\/b><\/div>\n<div><\/div>\n<p>Airush \u00a0pr\u00e9sente sa nouvelle aile pour 2016, la \u00a0Union.En partant de z\u00e9ro, la Union est le kite qui unit les performances en Freestyle de la Razor, tout en poss\u00e9dant les caract\u00e9ristiques de Freeride et de Wave de la Lithium.<\/p>\n<p>Le r\u00e9sultat est un kite tr\u00e8s bien \u00e9quilibr\u00e9, qui ravira un maximum de riders, quelque soit le programme d&#8217;utilisation. La voile reste saine et explosive en Freestyle\/Wakestyle, et permet de faire du Freeride et de la Vague comme jamais. Digne rempla\u00e7ante de la Varial-X, c&#8217;est un tout nouveau Kite \u00e0mettre entre\u00a0<span style=\"color: #333333; font-style: normal;\">toutes les mains!<\/span><\/p>\n<p><img loading=\"lazy\" class=\"alignleft size-medium wp-image-3037\" alt=\"Airush blue-union1\" src=\"http:\/\/kitesurfnoumea.nc\/wp\/wp-content\/uploads\/2015\/09\/Airush-blue-union1-262x300.png\" width=\"262\" height=\"300\" srcset=\"https:\/\/kitesurfnoumea.nc\/wp-content\/uploads\/2015\/09\/Airush-blue-union1-262x300.png 262w, https:\/\/kitesurfnoumea.nc\/wp-content\/uploads\/2015\/09\/Airush-blue-union1-131x150.png 131w, https:\/\/kitesurfnoumea.nc\/wp-content\/uploads\/2015\/09\/Airush-blue-union1-31x36.png 31w, https:\/\/kitesurfnoumea.nc\/wp-content\/uploads\/2015\/09\/Airush-blue-union1-78x90.png 78w, https:\/\/kitesurfnoumea.nc\/wp-content\/uploads\/2015\/09\/Airush-blue-union1-28x32.png 28w, https:\/\/kitesurfnoumea.nc\/wp-content\/uploads\/2015\/09\/Airush-blue-union1.png 350w\" sizes=\"(max-width: 262px) 100vw, 262px\" \/><\/p>\n<p style=\"padding-left: 300px;\">La nouvelle g\u00e9n\u00e9ration de Dyneema Load Frame, le spi crois\u00e9 sur les panneaux de la voile, combin\u00e9 au spi Technoforce D2, en font un kite tr\u00e8s rigide et r\u00e9sistant. En effet, la r\u00e9partition des efforts sur le spi a \u00e9t\u00e9 calcul\u00e9 afin de permettre \u00e0 la voile de rester rigide quelles que soient les conditions et l&#8217;utilisation. On retrouve une aile tr\u00e8s saine qui ne se d\u00e9forme pas sous l&#8217;effet des rafales, ce qui am\u00e9liore le confort en navigation et ses peformances en Freestyle.<\/p>\n<p>&nbsp;<\/p>\n<p><img loading=\"lazy\" alt=\"airush union 2016\" src=\"https:\/\/wimkite-shop.com\/img\/cms\/technoforced2.png\" width=\"750\" height=\"224\" \/><\/p>\n<p>&nbsp;<\/p>\n<p>Pour la Vague, le poids de la voile a \u00e9t\u00e9 revu \u00e0 la baisse, afin d&#8217;avoir des qualit\u00e9s de Drift et une stabilit\u00e9 exemplaire. De plus, le Dyneema Load Frame rigidifie la voile et donne une vraie construction vague pour affronter les vagues.<\/p>\n<p>Le syst\u00e8me de bridage V3 contribue significativement au feeling g\u00e9n\u00e9ral et aux performances de la voile. Elle am\u00e9liore le choquer de la voile sans ajouter de mouvements parasites, ce qui est tr\u00e8s agr\u00e9able dans de mauvaises conditions. Le positionnement des points d&#8217;attache du bridage, et des poulies donne un tr\u00e8s bon angle de choquer. Le r\u00e9sultat est un pilotage tr\u00e8s l\u00e9ger mais avec un feeling direct en barre. De plus, ce bridage permet au kite d&#8217;\u00eatre toujours contr\u00f4lable m\u00eame choqu\u00e9 au maximum, parfait pour le waveriding!<\/p>\n<p><img loading=\"lazy\" alt=\"airush union 2016\" src=\"https:\/\/wimkite-shop.com\/img\/cms\/v3-bridle-system.png\" width=\"750\" height=\"367\" \/><\/p>\n<p>&nbsp;<\/p>\n<p>Le concept Supported Leading Edge, &#8220;SLC&#8221; permet d&#8217;avoir tous les avantages d&#8217;une voile 5 lignes, avec uniquement 4 lignes. Le concept SLC permet d&#8217;avoir une voile avec la forme significative C d&#8217;un vrai C-Shape, comme la vitesse de rotation, et un pilotage direct, mais avec les avantages d&#8217;une voile 4 lignes : une plus grande plage de vent, un meilleur red\u00e9collage et un tr\u00e8s bon depower.<\/p>\n<p>Le mot du designer :<\/p>\n<p><em>&#8220;La voile Airush Union 2016 a \u00e9t\u00e9 con\u00e7ue \u00e0 partir d&#8217;un m\u00e9lange des caract\u00e9ristiques de la Lithium, la Razor et de la Wave. C&#8217;est un kite fantastique pour les riders les plus agressifs, qui recherchent un kite All-Round. Cette aile est faite pour ceux qui vont rider 1 heure dans les vagues, \u00e9changent leur surf contre une Livewire et des Boots pour une session Freestyle\/Wakestyle, et finissent la journ\u00e9e par de gros kiteloop. Elle fait simplement tout, du wave riding, du d\u00e9hook\u00e9 ou encore vous satelliser&#8230;&#8221;\u00a0<\/em>Designer Airush Kite &#8211; Mark Pattison.<\/p>\n<p>Tailles disponibles: 6, 7, 8, 9, 10,12 14,16<\/p>\n<p><iframe src=\"https:\/\/player.vimeo.com\/video\/138346030\" height=\"300\" width=\"750\" frameborder=\"0\"><\/iframe><\/p>\n","protected":false},"excerpt":{"rendered":"<p>Aile Airush Union 2016: \u00a0 Tarifs Destockage \u00a0Aile Nu 97 000 F \u00a0en 8m2\u00a0 Airush \u00a0pr\u00e9sente sa nouvelle aile pour 2016, la \u00a0Union.En partant de z\u00e9ro, la Union est le kite qui unit les performances en Freestyle de la Razor, &hellip;<\/p>\n","protected":false},"featured_media":3036,"comment_status":"open","ping_status":"open","template":"","product_category":[24],"product_tag":[],"_links":{"self":[{"href":"https:\/\/kitesurfnoumea.nc\/en\/wp-json\/wp\/v2\/product\/3054"}],"collection":[{"href":"https:\/\/kitesurfnoumea.nc\/en\/wp-json\/wp\/v2\/product"}],"about":[{"href":"https:\/\/kitesurfnoumea.nc\/en\/wp-json\/wp\/v2\/types\/product"}],"replies":[{"embeddable":true,"href":"https:\/\/kitesurfnoumea.nc\/en\/wp-json\/wp\/v2\/comments?post=3054"}],"version-history":[{"count":1,"href":"https:\/\/kitesurfnoumea.nc\/en\/wp-json\/wp\/v2\/product\/3054\/revisions"}],"predecessor-version":[{"id":3225,"href":"https:\/\/kitesurfnoumea.nc\/en\/wp-json\/wp\/v2\/product\/3054\/revisions\/3225"}],"wp:featuredmedia":[{"embeddable":true,"href":"https:\/\/kitesurfnoumea.nc\/en\/wp-json\/wp\/v2\/media\/3036"}],"wp:attachment":[{"href":"https:\/\/kitesurfnoumea.nc\/en\/wp-json\/wp\/v2\/media?parent=3054"}],"wp:term":[{"taxonomy":"product_category","embeddable":true,"href":"https:\/\/kitesurfnoumea.nc\/en\/wp-json\/wp\/v2\/product_category?post=3054"},{"taxonomy":"product_tag","embeddable":true,"href":"https:\/\/kitesurfnoumea.nc\/en\/wp-json\/wp\/v2\/product_tag?post=3054"}],"curies":[{"name":"wp","href":"https:\/\/api.w.org\/{rel}","templated":true}]}}