{"id":2668,"date":"2014-02-20T16:41:13","date_gmt":"2014-02-20T05:41:13","guid":{"rendered":"http:\/\/kitesurfnoumea.nc\/?post_type=product&#038;p=2668"},"modified":"2014-03-13T11:17:13","modified_gmt":"2014-03-13T00:17:13","slug":"double-up-del-mar","status":"publish","type":"product","link":"https:\/\/kitesurfnoumea.nc\/en\/product\/double-up-del-mar\/","title":{"rendered":"Double Up Del Mar"},"content":{"rendered":"<p>Une valeur sure de chez Double Up. Cette planche est tr\u00e8s maniable et agr\u00e9able en navigation.<\/p>\n<p><em>&#8220;Certaines personnes n\u2019aiment pas les surprises. La Del Mar apporte de la constance avec un ride doux et de bonnes sensations. Gr\u00e2ce \u00e0 son rail dot\u00e9 de canaux d\u2019\u00e9coulement, \u00e0 ses extr\u00e9mit\u00e9s arrondies et son rocker \u00e0 trois niveaux la train\u00e9e de la planche est consid\u00e9rablement r\u00e9duite..<\/em><\/p>\n<p><em>La Del Mar poss\u00e8de une tr\u00e8s bonne accroche sur les quarts gr\u00e2ce \u00e0 ses ailerons moul\u00e9s combin\u00e9s \u00e0 un rail nivel\u00e9 sur toute sa longueur.\u00a0<\/em><\/p>\n<p><em>Les extr\u00e9mit\u00e9s moins larges conf\u00e8rent \u00e0 la planche des atterrissages doux. De plus sa bonne prise quart permettra de g\u00e9n\u00e9rer un bon pop sur des vagues petites et moyennes.&#8221;<\/em><\/p>\n<p><img loading=\"lazy\" class=\"alignleft size-medium wp-image-2669\" alt=\"Del_mar\" src=\"http:\/\/kitesurfnoumea.nc\/wp\/wp-content\/uploads\/2014\/02\/Del_mar-211x300.jpg\" width=\"211\" height=\"300\" \/><a href=\"http:\/\/kitesurfnoumea.nc\/wp\/wp-content\/uploads\/2014\/02\/picto-del-mar.jpg\"><img loading=\"lazy\" class=\"alignleft size-medium wp-image-2670\" alt=\"picto del mar\" src=\"http:\/\/kitesurfnoumea.nc\/wp\/wp-content\/uploads\/2014\/02\/picto-del-mar-300x241.jpg\" width=\"300\" height=\"241\" srcset=\"https:\/\/kitesurfnoumea.nc\/wp-content\/uploads\/2014\/02\/picto-del-mar-300x241.jpg 300w, https:\/\/kitesurfnoumea.nc\/wp-content\/uploads\/2014\/02\/picto-del-mar-372x300.jpg 372w, https:\/\/kitesurfnoumea.nc\/wp-content\/uploads\/2014\/02\/picto-del-mar-186x150.jpg 186w, https:\/\/kitesurfnoumea.nc\/wp-content\/uploads\/2014\/02\/picto-del-mar-36x29.jpg 36w, https:\/\/kitesurfnoumea.nc\/wp-content\/uploads\/2014\/02\/picto-del-mar-90x72.jpg 90w, https:\/\/kitesurfnoumea.nc\/wp-content\/uploads\/2014\/02\/picto-del-mar-150x120.jpg 150w, https:\/\/kitesurfnoumea.nc\/wp-content\/uploads\/2014\/02\/picto-del-mar-32x25.jpg 32w, https:\/\/kitesurfnoumea.nc\/wp-content\/uploads\/2014\/02\/picto-del-mar.jpg 470w\" sizes=\"(max-width: 300px) 100vw, 300px\" \/><\/a><\/p>\n","protected":false},"excerpt":{"rendered":"<p>Une valeur sure de chez Double Up. Cette planche est tr\u00e8s maniable et agr\u00e9able en navigation. &#8220;Certaines personnes n\u2019aiment pas les surprises. La Del Mar apporte de la constance avec un ride doux et de bonnes sensations. Gr\u00e2ce \u00e0 son &hellip;<\/p>\n","protected":false},"featured_media":0,"comment_status":"open","ping_status":"open","template":"","product_category":[273],"product_tag":[],"_links":{"self":[{"href":"https:\/\/kitesurfnoumea.nc\/en\/wp-json\/wp\/v2\/product\/2668"}],"collection":[{"href":"https:\/\/kitesurfnoumea.nc\/en\/wp-json\/wp\/v2\/product"}],"about":[{"href":"https:\/\/kitesurfnoumea.nc\/en\/wp-json\/wp\/v2\/types\/product"}],"replies":[{"embeddable":true,"href":"https:\/\/kitesurfnoumea.nc\/en\/wp-json\/wp\/v2\/comments?post=2668"}],"version-history":[{"count":0,"href":"https:\/\/kitesurfnoumea.nc\/en\/wp-json\/wp\/v2\/product\/2668\/revisions"}],"wp:attachment":[{"href":"https:\/\/kitesurfnoumea.nc\/en\/wp-json\/wp\/v2\/media?parent=2668"}],"wp:term":[{"taxonomy":"product_category","embeddable":true,"href":"https:\/\/kitesurfnoumea.nc\/en\/wp-json\/wp\/v2\/product_category?post=2668"},{"taxonomy":"product_tag","embeddable":true,"href":"https:\/\/kitesurfnoumea.nc\/en\/wp-json\/wp\/v2\/product_tag?post=2668"}],"curies":[{"name":"wp","href":"https:\/\/api.w.org\/{rel}","templated":true}]}}