{"id":2664,"date":"2014-02-20T16:35:45","date_gmt":"2014-02-20T05:35:45","guid":{"rendered":"http:\/\/kitesurfnoumea.nc\/?post_type=product&#038;p=2664"},"modified":"2014-03-13T11:21:55","modified_gmt":"2014-03-13T00:21:55","slug":"double-up-seven-park","status":"publish","type":"product","link":"https:\/\/kitesurfnoumea.nc\/en\/product\/double-up-seven-park\/","title":{"rendered":"Double Up Seven Park"},"content":{"rendered":"<p style=\"text-align: justify;\">Une planche efficace qui permet d&#8217;envoyer de bons tricks tout en restant accessible \u00e0 tous les niveaux!<\/p>\n<p style=\"text-align: justify;\"><em>&#8221;\u00a0La Seven Park est tout droit issue de la technologie de la Seven mais poss\u00e8dent quelques caract\u00e9ristiques suppl\u00e9mentaires telle que sa base DYNA2. Ce rev\u00eatement permet une plus grande dur\u00e9e de vie de la planche notamment lors des jibs. Cette planche convient parfaitement \u00e0 tout niveau de pratique<\/em><\/p>\n<p style=\"text-align: justify;\"><em>Le TIP (pointe) et le TAIL (queue) poss\u00e8dent des ailerons moul\u00e9s qui offrent une assise haute sur l\u2019eau et une tr\u00e8s bonne accroche sur les bords. De plus la coque en V permet une bonne amorce de saut, des r\u00e9ceptions douces et am\u00e9liore la puissance des Ollie.\u00a0<\/em><\/p>\n<p style=\"text-align: justify;\"><em>La forme de son rail ne permet pas uniquement une bonne accroche sur les bords mais elle conf\u00e8re \u00e0 la planche une bonne r\u00e9partition des forces depuis les extr\u00e9mit\u00e9s jusqu\u2019au centre de la planche rendant les rotations tr\u00e8s faciles.<\/em><\/p>\n<p style=\"text-align: justify;\"><em>Combinez tout cela avec rocker \u00e0 trois niveaux et vous d\u00e9couvrirez que cette planche est l\u2019une des plus aboutie sur le march\u00e9.&#8221;<\/em><\/p>\n<p style=\"text-align: justify;\"><a href=\"http:\/\/kitesurfnoumea.nc\/wp\/wp-content\/uploads\/2014\/02\/Seven-Park.jpg\"><img loading=\"lazy\" class=\"alignleft size-medium wp-image-2665\" alt=\"Seven Park\" src=\"http:\/\/kitesurfnoumea.nc\/wp\/wp-content\/uploads\/2014\/02\/Seven-Park-211x300.jpg\" width=\"211\" height=\"300\" \/><\/a><\/p>\n","protected":false},"excerpt":{"rendered":"<p>Une planche efficace qui permet d&#8217;envoyer de bons tricks tout en restant accessible \u00e0 tous les niveaux! &#8221;\u00a0La Seven Park est tout droit issue de la technologie de la Seven mais poss\u00e8dent quelques caract\u00e9ristiques suppl\u00e9mentaires telle que sa base DYNA2. &hellip;<\/p>\n","protected":false},"featured_media":2673,"comment_status":"open","ping_status":"open","template":"","product_category":[273],"product_tag":[],"_links":{"self":[{"href":"https:\/\/kitesurfnoumea.nc\/en\/wp-json\/wp\/v2\/product\/2664"}],"collection":[{"href":"https:\/\/kitesurfnoumea.nc\/en\/wp-json\/wp\/v2\/product"}],"about":[{"href":"https:\/\/kitesurfnoumea.nc\/en\/wp-json\/wp\/v2\/types\/product"}],"replies":[{"embeddable":true,"href":"https:\/\/kitesurfnoumea.nc\/en\/wp-json\/wp\/v2\/comments?post=2664"}],"version-history":[{"count":1,"href":"https:\/\/kitesurfnoumea.nc\/en\/wp-json\/wp\/v2\/product\/2664\/revisions"}],"predecessor-version":[{"id":2667,"href":"https:\/\/kitesurfnoumea.nc\/en\/wp-json\/wp\/v2\/product\/2664\/revisions\/2667"}],"wp:featuredmedia":[{"embeddable":true,"href":"https:\/\/kitesurfnoumea.nc\/en\/wp-json\/wp\/v2\/media\/2673"}],"wp:attachment":[{"href":"https:\/\/kitesurfnoumea.nc\/en\/wp-json\/wp\/v2\/media?parent=2664"}],"wp:term":[{"taxonomy":"product_category","embeddable":true,"href":"https:\/\/kitesurfnoumea.nc\/en\/wp-json\/wp\/v2\/product_category?post=2664"},{"taxonomy":"product_tag","embeddable":true,"href":"https:\/\/kitesurfnoumea.nc\/en\/wp-json\/wp\/v2\/product_tag?post=2664"}],"curies":[{"name":"wp","href":"https:\/\/api.w.org\/{rel}","templated":true}]}}