{"id":1972,"date":"2012-10-13T11:50:16","date_gmt":"2012-10-13T00:50:16","guid":{"rendered":"http:\/\/kitesurfnoumea.nc\/?post_type=product&#038;p=1972"},"modified":"2016-12-15T10:19:02","modified_gmt":"2016-12-14T23:19:02","slug":"aile-lithium-2013","status":"publish","type":"product","link":"https:\/\/kitesurfnoumea.nc\/en\/product\/aile-lithium-2013\/","title":{"rendered":"Airush Lithium 2017"},"content":{"rendered":"<p><strong><a href=\"http:\/\/kitesurfnoumea.nc\/wp\/wp-content\/uploads\/2012\/10\/Lithium-bleu-2017.png\"><img loading=\"lazy\" class=\"alignleft size-medium wp-image-3259\" alt=\"lithium-bleu-2017\" src=\"http:\/\/kitesurfnoumea.nc\/wp\/wp-content\/uploads\/2012\/10\/Lithium-bleu-2017-300x254.png\" width=\"300\" height=\"254\" srcset=\"https:\/\/kitesurfnoumea.nc\/wp-content\/uploads\/2012\/10\/Lithium-bleu-2017-300x254.png 300w, https:\/\/kitesurfnoumea.nc\/wp-content\/uploads\/2012\/10\/Lithium-bleu-2017-353x300.png 353w, https:\/\/kitesurfnoumea.nc\/wp-content\/uploads\/2012\/10\/Lithium-bleu-2017-176x150.png 176w, https:\/\/kitesurfnoumea.nc\/wp-content\/uploads\/2012\/10\/Lithium-bleu-2017-36x30.png 36w, https:\/\/kitesurfnoumea.nc\/wp-content\/uploads\/2012\/10\/Lithium-bleu-2017-90x76.png 90w, https:\/\/kitesurfnoumea.nc\/wp-content\/uploads\/2012\/10\/Lithium-bleu-2017-150x127.png 150w, https:\/\/kitesurfnoumea.nc\/wp-content\/uploads\/2012\/10\/Lithium-bleu-2017-32x27.png 32w, https:\/\/kitesurfnoumea.nc\/wp-content\/uploads\/2012\/10\/Lithium-bleu-2017.png 530w\" sizes=\"(max-width: 300px) 100vw, 300px\" \/><\/a> Aile Airush Lithium 2017<\/strong><\/p>\n<p>La Lithium a \u00e9t\u00e9 num\u00e9ro 1 des tests de beaucoup de magazines dans le monde, les retours revendeurs et client\u00e8le ont \u00e9t\u00e9 des plus positifs. La Lithium est l\u2019aile polyvalente qui permet de naviguer chaque jour dans toutes les conditions, pour toutes les disciplines et pour tous les riders.<\/p>\n<p>Incroyablement stable et douce<br \/>\nRapide et facile \u00e0 relancer gr\u00e2ce \u00e0 son design hybred delta<br \/>\nLa lithium se veut ultra polyvalente ; freeride, freestyle, jumping, looping, wave riding, elle peut tout faire.<br \/>\nAvec une maginifique stabilit\u00e9 et facilit\u00e9 de ride, la lithium est l&#8217;aile parfaite.<br \/>\nElle r\u00e9pond imm\u00e9diatement en mid et high wind.<br \/>\nLa technologie Dyneema load frame fait d&#8217;elle une des ailes les plus r\u00e9sistantes du march\u00e9.\u00a0Coupler avec les\u00a0Panneaux technoforce D2 pour plus de r\u00e9sistance et de performance.<\/p>\n<p>XL Inflate\/Deflate Valve pour faciliter le gonflage de l&#8217;aile.\u00a0Ainsi que des Renforcements en Kevlar dans les zones critiques pour plus de r\u00e9sistances sans affecter le poids et donc les performances<\/p>\n<h2><a href=\"http:\/\/kitesurfnoumea.nc\/wp\/wp-content\/uploads\/2012\/10\/Lithium-orange-2017.png\"><img loading=\"lazy\" class=\"alignleft size-medium wp-image-3260\" alt=\"lithium-orange-2017\" src=\"http:\/\/kitesurfnoumea.nc\/wp\/wp-content\/uploads\/2012\/10\/Lithium-orange-2017-300x254.png\" width=\"300\" height=\"254\" srcset=\"https:\/\/kitesurfnoumea.nc\/wp-content\/uploads\/2012\/10\/Lithium-orange-2017-300x254.png 300w, https:\/\/kitesurfnoumea.nc\/wp-content\/uploads\/2012\/10\/Lithium-orange-2017-353x300.png 353w, https:\/\/kitesurfnoumea.nc\/wp-content\/uploads\/2012\/10\/Lithium-orange-2017-176x150.png 176w, https:\/\/kitesurfnoumea.nc\/wp-content\/uploads\/2012\/10\/Lithium-orange-2017-36x30.png 36w, https:\/\/kitesurfnoumea.nc\/wp-content\/uploads\/2012\/10\/Lithium-orange-2017-90x76.png 90w, https:\/\/kitesurfnoumea.nc\/wp-content\/uploads\/2012\/10\/Lithium-orange-2017-150x127.png 150w, https:\/\/kitesurfnoumea.nc\/wp-content\/uploads\/2012\/10\/Lithium-orange-2017-32x27.png 32w, https:\/\/kitesurfnoumea.nc\/wp-content\/uploads\/2012\/10\/Lithium-orange-2017.png 530w\" sizes=\"(max-width: 300px) 100vw, 300px\" \/><\/a><\/h2>\n<p><strong><em>\u00a0<\/em><\/strong><\/p>\n","protected":false},"excerpt":{"rendered":"<p>Aile Airush Lithium 2017 La Lithium a \u00e9t\u00e9 num\u00e9ro 1 des tests de beaucoup de magazines dans le monde, les retours revendeurs et client\u00e8le ont \u00e9t\u00e9 des plus positifs. La Lithium est l\u2019aile polyvalente qui permet de naviguer chaque jour &hellip;<\/p>\n","protected":false},"featured_media":3259,"comment_status":"open","ping_status":"open","template":"","product_category":[24],"product_tag":[163,144],"_links":{"self":[{"href":"https:\/\/kitesurfnoumea.nc\/en\/wp-json\/wp\/v2\/product\/1972"}],"collection":[{"href":"https:\/\/kitesurfnoumea.nc\/en\/wp-json\/wp\/v2\/product"}],"about":[{"href":"https:\/\/kitesurfnoumea.nc\/en\/wp-json\/wp\/v2\/types\/product"}],"replies":[{"embeddable":true,"href":"https:\/\/kitesurfnoumea.nc\/en\/wp-json\/wp\/v2\/comments?post=1972"}],"version-history":[{"count":1,"href":"https:\/\/kitesurfnoumea.nc\/en\/wp-json\/wp\/v2\/product\/1972\/revisions"}],"predecessor-version":[{"id":1982,"href":"https:\/\/kitesurfnoumea.nc\/en\/wp-json\/wp\/v2\/product\/1972\/revisions\/1982"}],"wp:featuredmedia":[{"embeddable":true,"href":"https:\/\/kitesurfnoumea.nc\/en\/wp-json\/wp\/v2\/media\/3259"}],"wp:attachment":[{"href":"https:\/\/kitesurfnoumea.nc\/en\/wp-json\/wp\/v2\/media?parent=1972"}],"wp:term":[{"taxonomy":"product_category","embeddable":true,"href":"https:\/\/kitesurfnoumea.nc\/en\/wp-json\/wp\/v2\/product_category?post=1972"},{"taxonomy":"product_tag","embeddable":true,"href":"https:\/\/kitesurfnoumea.nc\/en\/wp-json\/wp\/v2\/product_tag?post=1972"}],"curies":[{"name":"wp","href":"https:\/\/api.w.org\/{rel}","templated":true}]}}