{"id":1971,"date":"2012-10-13T10:59:56","date_gmt":"2012-10-12T23:59:56","guid":{"rendered":"http:\/\/kitesurfnoumea.nc\/?post_type=product&#038;p=1971"},"modified":"2016-11-04T17:13:32","modified_gmt":"2016-11-04T06:13:32","slug":"aile-dna-2013","status":"publish","type":"product","link":"https:\/\/kitesurfnoumea.nc\/en\/product\/aile-dna-2013\/","title":{"rendered":"Airush DNA 2016 en Destockage"},"content":{"rendered":"<div>\n<ul>\n<li><a href=\"http:\/\/kitesurfnoumea.nc\/wp\/wp-content\/uploads\/2015\/12\/DNA-2016.jpg\"><img loading=\"lazy\" class=\"alignleft size-medium wp-image-3110\" alt=\"DNA 2016\" src=\"http:\/\/kitesurfnoumea.nc\/wp\/wp-content\/uploads\/2015\/12\/DNA-2016-300x225.jpg\" width=\"300\" height=\"225\" srcset=\"https:\/\/kitesurfnoumea.nc\/wp-content\/uploads\/2015\/12\/DNA-2016-300x225.jpg 300w, https:\/\/kitesurfnoumea.nc\/wp-content\/uploads\/2015\/12\/DNA-2016-400x300.jpg 400w, https:\/\/kitesurfnoumea.nc\/wp-content\/uploads\/2015\/12\/DNA-2016-200x150.jpg 200w, https:\/\/kitesurfnoumea.nc\/wp-content\/uploads\/2015\/12\/DNA-2016-36x27.jpg 36w, https:\/\/kitesurfnoumea.nc\/wp-content\/uploads\/2015\/12\/DNA-2016-90x67.jpg 90w, https:\/\/kitesurfnoumea.nc\/wp-content\/uploads\/2015\/12\/DNA-2016-150x112.jpg 150w, https:\/\/kitesurfnoumea.nc\/wp-content\/uploads\/2015\/12\/DNA-2016-32x24.jpg 32w, https:\/\/kitesurfnoumea.nc\/wp-content\/uploads\/2015\/12\/DNA-2016.jpg 600w\" sizes=\"(max-width: 300px) 100vw, 300px\" \/><\/a>Instant Depower<br \/>\nRelancement facile<br \/>\nLa DNA se veut ax\u00e9e sur le ride des d\u00e9butants ou des personnes d\u00e9sireuses de s&#8217;essayer au kite. Elle sera facile \u00e0 lancer, \u00e0 diriger, \u00e0 contr\u00f4ler.<br \/>\nElle sera aussi tr\u00e8s s\u00e9curitaire et vous permettra de prendre les bons r\u00e9flexes associ\u00e9s au kite en toute s\u00e9curit\u00e9.<br \/>\nLa DNA reprend une partie du shape de la Lithium ce qui vous permettra d&#8217;\u00e9voluer avec cette aile sans devoir la changer d\u00e8s que vous aurez progress\u00e9.<br \/>\nVous pourrez tout faire avec cette DNA, jumper, rider ou wave rider.<\/li>\n<li><em><a href=\"http:\/\/kitesurfnoumea.nc\/wp\/wp-content\/uploads\/2012\/10\/DNA-2014-1.jpg\">\u00a0<a href=\"http:\/\/kitesurfnoumea.nc\/wp\/wp-content\/uploads\/2012\/10\/Dna-2016.png\"><img loading=\"lazy\" class=\"alignleft size-medium wp-image-3256\" alt=\"dna-2016\" src=\"http:\/\/kitesurfnoumea.nc\/wp\/wp-content\/uploads\/2012\/10\/Dna-2016-262x300.png\" width=\"262\" height=\"300\" srcset=\"https:\/\/kitesurfnoumea.nc\/wp-content\/uploads\/2012\/10\/Dna-2016-262x300.png 262w, https:\/\/kitesurfnoumea.nc\/wp-content\/uploads\/2012\/10\/Dna-2016-131x150.png 131w, https:\/\/kitesurfnoumea.nc\/wp-content\/uploads\/2012\/10\/Dna-2016-31x36.png 31w, https:\/\/kitesurfnoumea.nc\/wp-content\/uploads\/2012\/10\/Dna-2016-78x90.png 78w, https:\/\/kitesurfnoumea.nc\/wp-content\/uploads\/2012\/10\/Dna-2016-28x32.png 28w, https:\/\/kitesurfnoumea.nc\/wp-content\/uploads\/2012\/10\/Dna-2016.png 350w\" sizes=\"(max-width: 262px) 100vw, 262px\" \/><\/a><\/a><\/em>\n<p><strong><em>\u00a0<\/em><\/strong><\/li>\n<\/ul>\n<\/div>\n<p>&nbsp;<\/p>\n","protected":false},"excerpt":{"rendered":"<p>Instant Depower Relancement facile La DNA se veut ax\u00e9e sur le ride des d\u00e9butants ou des personnes d\u00e9sireuses de s&#8217;essayer au kite. Elle sera facile \u00e0 lancer, \u00e0 diriger, \u00e0 contr\u00f4ler. Elle sera aussi tr\u00e8s s\u00e9curitaire et vous permettra de &hellip;<\/p>\n","protected":false},"featured_media":3255,"comment_status":"open","ping_status":"closed","template":"","product_category":[24],"product_tag":[147,282,275,89],"_links":{"self":[{"href":"https:\/\/kitesurfnoumea.nc\/en\/wp-json\/wp\/v2\/product\/1971"}],"collection":[{"href":"https:\/\/kitesurfnoumea.nc\/en\/wp-json\/wp\/v2\/product"}],"about":[{"href":"https:\/\/kitesurfnoumea.nc\/en\/wp-json\/wp\/v2\/types\/product"}],"replies":[{"embeddable":true,"href":"https:\/\/kitesurfnoumea.nc\/en\/wp-json\/wp\/v2\/comments?post=1971"}],"version-history":[{"count":1,"href":"https:\/\/kitesurfnoumea.nc\/en\/wp-json\/wp\/v2\/product\/1971\/revisions"}],"predecessor-version":[{"id":1987,"href":"https:\/\/kitesurfnoumea.nc\/en\/wp-json\/wp\/v2\/product\/1971\/revisions\/1987"}],"wp:featuredmedia":[{"embeddable":true,"href":"https:\/\/kitesurfnoumea.nc\/en\/wp-json\/wp\/v2\/media\/3255"}],"wp:attachment":[{"href":"https:\/\/kitesurfnoumea.nc\/en\/wp-json\/wp\/v2\/media?parent=1971"}],"wp:term":[{"taxonomy":"product_category","embeddable":true,"href":"https:\/\/kitesurfnoumea.nc\/en\/wp-json\/wp\/v2\/product_category?post=1971"},{"taxonomy":"product_tag","embeddable":true,"href":"https:\/\/kitesurfnoumea.nc\/en\/wp-json\/wp\/v2\/product_tag?post=1971"}],"curies":[{"name":"wp","href":"https:\/\/api.w.org\/{rel}","templated":true}]}}