{"id":1672,"date":"2012-04-06T11:03:26","date_gmt":"2012-04-06T00:03:26","guid":{"rendered":"http:\/\/kitesurfnoumea.nc\/?post_type=product&#038;p=1672"},"modified":"2016-12-14T16:24:14","modified_gmt":"2016-12-14T05:24:14","slug":"dup-seven","status":"publish","type":"product","link":"https:\/\/kitesurfnoumea.nc\/en\/product\/dup-seven\/","title":{"rendered":"Double Up Seven"},"content":{"rendered":"<p style=\"text-align: justify;\">Meilleurs ventes de la collection en 2012 en Australie, il s\u2019agit donc d\u2019une valeure sure.<br \/>\nElle reste une des boards de pr\u00e9dilection pour les riders du Team, rapide en rotation, efficace en prise de carre bateau ou cable, c\u2019est une machine pour ceux qui aiment encha\u00eener les tricks : D\u00e9rives moul\u00e9es courtes, larges aux extremit\u00e9s, carres \u00e0 angles variables du nose vers le centre.<\/p>\n<p style=\"text-align: justify;\"><em>&#8220;Une des planches favorite de l\u2019\u00e9quipe double-up. Cette planche a de nombreuses particularit\u00e9s qui conviennent aussi bien aux d\u00e9butants qu\u2019aux pros. Rid\u00e9 par toute l\u2019\u00e9quipe \u00e0 un moment ou un autre de leur carrri\u00e8re la Seven est faite pour durer.<\/em><\/p>\n<p style=\"text-align: justify;\"><em>Le TIP (pointe) et le TAIL (queue) poss\u00e8dent des ailerons moul\u00e9s qui offrent une assise haute sur l\u2019eau et une tr\u00e8s bonne accroche sur les bords. De plus la coque en V permet une bonne amorce de saut, des r\u00e9ceptions douces et am\u00e9liore la puissance des Ollie.<\/em><\/p>\n<p style=\"text-align: justify;\"><em>La forme de son rail ne permet pas uniquement une bonne accroche sur les bords mais elle conf\u00e8re \u00e0 la planche une bonne r\u00e9partition des forces depuis les extr\u00e9mit\u00e9s jusqu\u2019au centre de la planche rendant les rotations tr\u00e8s faciles.<\/em><\/p>\n<p style=\"text-align: justify;\"><em>Combinez tout cela avec rocker \u00e0 trois niveaux et vous d\u00e9couvrirez que cette planche est la base de nombreux shapes sur le march\u00e9 d\u2019aujourd\u2019hui.&#8221;<\/em><\/p>\n<p style=\"text-align: justify;\"><a href=\"http:\/\/kitesurfnoumea.nc\/wp\/wp-content\/uploads\/2012\/04\/Seven.jpg\"><img loading=\"lazy\" class=\"alignleft size-medium wp-image-2660\" alt=\"Seven\" src=\"http:\/\/kitesurfnoumea.nc\/wp\/wp-content\/uploads\/2012\/04\/Seven-211x300.jpg\" width=\"211\" height=\"300\" \/><\/a><\/p>\n","protected":false},"excerpt":{"rendered":"<p>Meilleurs ventes de la collection en 2012 en Australie, il s\u2019agit donc d\u2019une valeure sure. Elle reste une des boards de pr\u00e9dilection pour les riders du Team, rapide en rotation, efficace en prise de carre bateau ou cable, c\u2019est une &hellip;<\/p>\n","protected":false},"featured_media":0,"comment_status":"open","ping_status":"open","template":"","product_category":[273],"product_tag":[218,63,219,217],"_links":{"self":[{"href":"https:\/\/kitesurfnoumea.nc\/en\/wp-json\/wp\/v2\/product\/1672"}],"collection":[{"href":"https:\/\/kitesurfnoumea.nc\/en\/wp-json\/wp\/v2\/product"}],"about":[{"href":"https:\/\/kitesurfnoumea.nc\/en\/wp-json\/wp\/v2\/types\/product"}],"replies":[{"embeddable":true,"href":"https:\/\/kitesurfnoumea.nc\/en\/wp-json\/wp\/v2\/comments?post=1672"}],"version-history":[{"count":1,"href":"https:\/\/kitesurfnoumea.nc\/en\/wp-json\/wp\/v2\/product\/1672\/revisions"}],"predecessor-version":[{"id":1673,"href":"https:\/\/kitesurfnoumea.nc\/en\/wp-json\/wp\/v2\/product\/1672\/revisions\/1673"}],"wp:attachment":[{"href":"https:\/\/kitesurfnoumea.nc\/en\/wp-json\/wp\/v2\/media?parent=1672"}],"wp:term":[{"taxonomy":"product_category","embeddable":true,"href":"https:\/\/kitesurfnoumea.nc\/en\/wp-json\/wp\/v2\/product_category?post=1672"},{"taxonomy":"product_tag","embeddable":true,"href":"https:\/\/kitesurfnoumea.nc\/en\/wp-json\/wp\/v2\/product_tag?post=1672"}],"curies":[{"name":"wp","href":"https:\/\/api.w.org\/{rel}","templated":true}]}}