{"id":989,"date":"2011-10-11T17:15:24","date_gmt":"2011-10-11T06:15:24","guid":{"rendered":"http:\/\/kitesurfnoumea.nc\/wp\/?page_id=989"},"modified":"2018-02-15T15:06:23","modified_gmt":"2018-02-15T04:06:23","slug":"liens-meteo","status":"publish","type":"page","link":"https:\/\/kitesurfnoumea.nc\/en\/liens-meteo\/","title":{"rendered":"M\u00e9t\u00e9o"},"content":{"rendered":"<p><center><iframe frameborder=\"0\" style=\"width:480px; height:218px;\"  marginheight=\"1\" marginwidth=\"1\" scrolling=\"no\"  src=\"http:\/\/holfuy.hu\/en\/takeit\/actual.php?station=s323&#038;mode=1&#038;c=06b3827be6ca712efbd367bbd227a89b&#038;su=knots&#038;lang=fr\"><\/iframe><\/p>\n<p><iframe frameborder=\"0\" style=\"width:100%; height:170px;\"  marginheight=\"1\" marginwidth=\"1\" scrolling=\"no\" src=\"http:\/\/holfuy.hu\/en\/takeit\/average.php?station=s323&#038;mode=1&#038;c=06b3827be6ca712efbd367bbd227a89b&#038;s=knots&#038;lang=fr\"><\/iframe><\/center><\/p>\n<p>Ci dessous les liens vers les sites m\u00e9t\u00e9o.<\/p>\n<h2><a title=\"Meteo France - Nouvelle-Cal\u00e9donie\" href=\"http:\/\/www.meteo.nc\" target=\"_blank\"><img loading=\"lazy\" class=\"alignright size-full wp-image-990\" title=\"meteofrance\" alt=\"\" src=\"http:\/\/kitesurfnoumea.nc\/wp\/wp-content\/uploads\/2011\/10\/meteofrance.jpg\" width=\"402\" height=\"68\" srcset=\"https:\/\/kitesurfnoumea.nc\/wp-content\/uploads\/2011\/10\/meteofrance.jpg 402w, https:\/\/kitesurfnoumea.nc\/wp-content\/uploads\/2011\/10\/meteofrance-300x50.jpg 300w, https:\/\/kitesurfnoumea.nc\/wp-content\/uploads\/2011\/10\/meteofrance-200x33.jpg 200w\" sizes=\"(max-width: 402px) 100vw, 402px\" \/><\/a>M\u00e9t\u00e9o France<\/h2>\n<ul>\n<li><a title=\"Pr\u00e9visions du temps \u00e0 Noum\u00e9a\" href=\"http:\/\/www.meteo.nc\/nouvelle-caledonie\/previsions\/meteo-locale\" target=\"_blank\">Pr\u00e9vision Noum\u00e9a<\/a><\/li>\n<li><a title=\"Temps r\u00e9el \u00e0 Noum\u00e9a\" href=\"http:\/\/www.meteo.nc\/nouvelle-caledonie\/observations\/dernieres-24h\" target=\"_blank\">Temps r\u00e9el Noum\u00e9a<\/a><\/li>\n<li><a title=\"Pr\u00e9visions du temps au Phare Am\u00e9d\u00e9e\" href=\"http:\/\/www.meteo.nc\/nouvelle-caledonie\/previsions\/meteo-locale?insee=98818003&amp;station=Phare%20Am\u00e9d\u00e9e\" target=\"_blank\">Pr\u00e9vision Phare Am\u00e9d\u00e9e<\/a><\/li>\n<li><a title=\"Temps r\u00e9el au Phare Am\u00e9d\u00e9e\" href=\"http:\/\/www.meteo.nc\/nouvelle-caledonie\/observations\/dernieres-24h?ville=Phare\" target=\"_blank\">Temps r\u00e9el Phare Am\u00e9d\u00e9e<\/a><\/li>\n<li><a title=\"Horaires des mar\u00e9es en Nouvelle-Cal\u00e9donie\" href=\"http:\/\/www.meteo.nc\/nouvelle-caledonie\/mer\/horaires-des-marees\" target=\"_blank\">Horaires des mar\u00e9es<\/a><\/li>\n<\/ul>\n<h2><a title=\"WindGuru\" href=\"http:\/\/www.windguru.cz\/fr\/index.php?sc=4164\" target=\"_blank\"><img loading=\"lazy\" class=\"alignright size-medium wp-image-995\" title=\"windguru_logo\" alt=\"\" src=\"http:\/\/kitesurfnoumea.nc\/wp\/wp-content\/uploads\/2011\/10\/windguru_logo-300x113.png\" width=\"300\" height=\"113\" srcset=\"https:\/\/kitesurfnoumea.nc\/wp-content\/uploads\/2011\/10\/windguru_logo-300x113.png 300w, https:\/\/kitesurfnoumea.nc\/wp-content\/uploads\/2011\/10\/windguru_logo-1024x388.png 1024w, https:\/\/kitesurfnoumea.nc\/wp-content\/uploads\/2011\/10\/windguru_logo-500x189.png 500w, https:\/\/kitesurfnoumea.nc\/wp-content\/uploads\/2011\/10\/windguru_logo-200x75.png 200w, https:\/\/kitesurfnoumea.nc\/wp-content\/uploads\/2011\/10\/windguru_logo.png 1290w\" sizes=\"(max-width: 300px) 100vw, 300px\" \/><\/a>WindGuru<\/h2>\n<p>Le site WindGuru est un site appr\u00e9ci\u00e9 par tous les marins et adeptes de la glisse en Nouvelle-Cal\u00e9donie de part la pertinence de ses pr\u00e9visions.<\/p>\n<ul>\n<li><a title=\"WindGuru Noum\u00e9a instantan\u00e9 Ouen Toro\" href=\"http:\/\/station.windguru.cz\/?id=99\" target=\"_blank\">Vent instantan\u00e9 sur le Ouen Toro<\/a><\/li>\n<li><a title=\"WindGuru Noum\u00e9a\" href=\"http:\/\/www.windguru.cz\/fr\/index.php?sc=4164\" target=\"_blank\">WindGuru Noum\u00e9a<\/a><\/li>\n<li><a title=\"Windguru Noum\u00e9a Le M\u00e9ridien\" href=\"http:\/\/www.windguru.cz\/fr\/index.php?sc=207052\" target=\"_blank\">WindGuru Noum\u00e9a &#8211; Le M\u00e9ridien<\/a><\/li>\n<li><a title=\"WindGuru Ouano\" href=\"http:\/\/www.windguru.cz\/fr\/index.php?sc=208762\" target=\"_blank\">WindGuru Ouano<\/a><\/li>\n<\/ul>\n<h2>Buoyweather<\/h2>\n<ul>\n<li><a title=\"Pr\u00e9visions marines buoyweather\" href=\"http:\/\/www.buoyweather.com\/wxnav6.jsp?region=new_caledonia&amp;program=nww3BW1&amp;grb=nww3&amp;latitude=-23.0&amp;longitude=166.25&amp;zone=11&amp;units=e\" target=\"_blank\">Pr\u00e9visions marines Noum\u00e9a<\/a><\/li>\n<\/ul>\n<p>&nbsp;<br \/>\n<\/p>","protected":false},"excerpt":{"rendered":"<p>Ci dessous les liens vers les sites m\u00e9t\u00e9o. M\u00e9t\u00e9o France Pr\u00e9vision Noum\u00e9a Temps r\u00e9el Noum\u00e9a Pr\u00e9vision Phare Am\u00e9d\u00e9e Temps r\u00e9el Phare Am\u00e9d\u00e9e Horaires des mar\u00e9es WindGuru Le site WindGuru est un site appr\u00e9ci\u00e9 par tous les marins et adeptes de &hellip;<\/p>\n","protected":false},"author":1,"featured_media":0,"parent":0,"menu_order":20,"comment_status":"open","ping_status":"open","template":"","meta":{"_monsterinsights_skip_tracking":false,"_monsterinsights_sitenote_active":false,"_monsterinsights_sitenote_note":"","_monsterinsights_sitenote_category":0},"_links":{"self":[{"href":"https:\/\/kitesurfnoumea.nc\/en\/wp-json\/wp\/v2\/pages\/989"}],"collection":[{"href":"https:\/\/kitesurfnoumea.nc\/en\/wp-json\/wp\/v2\/pages"}],"about":[{"href":"https:\/\/kitesurfnoumea.nc\/en\/wp-json\/wp\/v2\/types\/page"}],"author":[{"embeddable":true,"href":"https:\/\/kitesurfnoumea.nc\/en\/wp-json\/wp\/v2\/users\/1"}],"replies":[{"embeddable":true,"href":"https:\/\/kitesurfnoumea.nc\/en\/wp-json\/wp\/v2\/comments?post=989"}],"version-history":[{"count":6,"href":"https:\/\/kitesurfnoumea.nc\/en\/wp-json\/wp\/v2\/pages\/989\/revisions"}],"predecessor-version":[{"id":4588,"href":"https:\/\/kitesurfnoumea.nc\/en\/wp-json\/wp\/v2\/pages\/989\/revisions\/4588"}],"wp:attachment":[{"href":"https:\/\/kitesurfnoumea.nc\/en\/wp-json\/wp\/v2\/media?parent=989"}],"curies":[{"name":"wp","href":"https:\/\/api.w.org\/{rel}","templated":true}]}}