{"id":947,"date":"2011-10-11T14:52:24","date_gmt":"2011-10-11T03:52:24","guid":{"rendered":"http:\/\/kitesurfnoumea.nc\/wp\/?page_id=947"},"modified":"2016-09-21T11:05:57","modified_gmt":"2016-09-21T00:05:57","slug":"hebergement","status":"publish","type":"page","link":"https:\/\/kitesurfnoumea.nc\/en\/ecole\/hebergement\/","title":{"rendered":"H\u00e9bergement"},"content":{"rendered":"\n\t\t\t<style type='text\/css'>\n\t\t\t\t#gallery-2 {\n\t\t\t\t\tmargin: auto;\n\t\t\t\t}\n\t\t\t\t#gallery-2 .gallery-item {\n\t\t\t\t\tfloat: left;\n\t\t\t\t\tmargin-top: 10px;\n\t\t\t\t\ttext-align: center;\n\t\t\t\t\twidth: 25%;\n\t\t\t\t}\n\t\t\t\t#gallery-2 img {\n\t\t\t\t\tborder: 2px solid #cfcfcf;\n\t\t\t\t}\n\t\t\t\t#gallery-2 .gallery-caption {\n\t\t\t\t\tmargin-left: 0;\n\t\t\t\t}\n\t\t\t<\/style>\n\t\t\t<!-- see gallery_shortcode() in wp-includes\/media.php -->\n\t\t<div id='gallery-2' class='gallery galleryid-947 gallery-columns-4 gallery-size-thumbnail'><dl class='gallery-item'>\n\t\t\t\t<dt class='gallery-icon'>\n\t\t\t\t\t<a href='https:\/\/kitesurfnoumea.nc\/wp-content\/uploads\/2011\/10\/logo-LM-BonW.jpg'><img width=\"150\" height=\"150\" src=\"https:\/\/kitesurfnoumea.nc\/wp-content\/uploads\/2011\/10\/logo-LM-BonW-150x150.jpg\" class=\"attachment-thumbnail size-thumbnail\" alt=\"\" loading=\"lazy\" srcset=\"https:\/\/kitesurfnoumea.nc\/wp-content\/uploads\/2011\/10\/logo-LM-BonW-150x150.jpg 150w, https:\/\/kitesurfnoumea.nc\/wp-content\/uploads\/2011\/10\/logo-LM-BonW-300x300.jpg 300w, https:\/\/kitesurfnoumea.nc\/wp-content\/uploads\/2011\/10\/logo-LM-BonW-80x80.jpg 80w, https:\/\/kitesurfnoumea.nc\/wp-content\/uploads\/2011\/10\/logo-LM-BonW-90x90.jpg 90w, https:\/\/kitesurfnoumea.nc\/wp-content\/uploads\/2011\/10\/logo-LM-BonW-50x50.jpg 50w, https:\/\/kitesurfnoumea.nc\/wp-content\/uploads\/2011\/10\/logo-LM-BonW-100x100.jpg 100w, https:\/\/kitesurfnoumea.nc\/wp-content\/uploads\/2011\/10\/logo-LM-BonW-36x36.jpg 36w, https:\/\/kitesurfnoumea.nc\/wp-content\/uploads\/2011\/10\/logo-LM-BonW.jpg 416w\" sizes=\"(max-width: 150px) 100vw, 150px\" \/><\/a>\n\t\t\t\t<\/dt><\/dl>\n\t\t\t\t<br style='clear: both;' \/>\n\t\t\t<\/div>\n\n<p>En collaboration avec Le M\u00e9rdien de Noum\u00e9a, nous vous proposons un tarifs pr\u00e9f\u00e9rentiels afin d&#8217;\u00eatre au pied du spot de l&#8217;\u00e9cole.<\/p>\n<p>Une remise de 10 % sur les tarifs \u00a0en pr\u00e9paiement vous sera propos\u00e9s\u00a0.<\/p>\n<p>Pour r\u00e9server il suffit de prendre \u00a0contact avec le service r\u00e9servation de l&#8217;hotel en sp\u00e9cifiant que vous \u00eates \u00a0stagiaires chez Kitesurf Attitude.<\/p>\n<p>&nbsp;<\/p>\n<p>Bonne journ\u00e9e\u00a0!<\/p>\n<p><strong>Le M\u00e9ridien Noum\u00e9a <\/strong>Tel 26.50.00 \u00a0<a href=\"http:\/\/www.lemeridiennoumea.com\">http:\/\/www.lemeridiennoumea.com<\/a><\/p>\n","protected":false},"excerpt":{"rendered":"<p>En collaboration avec Le M\u00e9rdien de Noum\u00e9a, nous vous proposons un tarifs pr\u00e9f\u00e9rentiels afin d&#8217;\u00eatre au pied du spot de l&#8217;\u00e9cole. Une remise de 10 % sur les tarifs \u00a0en pr\u00e9paiement vous sera propos\u00e9s\u00a0. Pour r\u00e9server il suffit de prendre &hellip;<\/p>\n","protected":false},"author":1,"featured_media":0,"parent":8,"menu_order":7,"comment_status":"open","ping_status":"open","template":"","meta":{"_monsterinsights_skip_tracking":false,"_monsterinsights_sitenote_active":false,"_monsterinsights_sitenote_note":"","_monsterinsights_sitenote_category":0},"_links":{"self":[{"href":"https:\/\/kitesurfnoumea.nc\/en\/wp-json\/wp\/v2\/pages\/947"}],"collection":[{"href":"https:\/\/kitesurfnoumea.nc\/en\/wp-json\/wp\/v2\/pages"}],"about":[{"href":"https:\/\/kitesurfnoumea.nc\/en\/wp-json\/wp\/v2\/types\/page"}],"author":[{"embeddable":true,"href":"https:\/\/kitesurfnoumea.nc\/en\/wp-json\/wp\/v2\/users\/1"}],"replies":[{"embeddable":true,"href":"https:\/\/kitesurfnoumea.nc\/en\/wp-json\/wp\/v2\/comments?post=947"}],"version-history":[{"count":6,"href":"https:\/\/kitesurfnoumea.nc\/en\/wp-json\/wp\/v2\/pages\/947\/revisions"}],"predecessor-version":[{"id":3229,"href":"https:\/\/kitesurfnoumea.nc\/en\/wp-json\/wp\/v2\/pages\/947\/revisions\/3229"}],"up":[{"embeddable":true,"href":"https:\/\/kitesurfnoumea.nc\/en\/wp-json\/wp\/v2\/pages\/8"}],"wp:attachment":[{"href":"https:\/\/kitesurfnoumea.nc\/en\/wp-json\/wp\/v2\/media?parent=947"}],"curies":[{"name":"wp","href":"https:\/\/api.w.org\/{rel}","templated":true}]}}