{"id":942,"date":"2011-10-11T00:09:33","date_gmt":"2011-10-10T13:09:33","guid":{"rendered":"http:\/\/kitesurfnoumea.nc\/wp\/?page_id=942"},"modified":"2024-05-13T09:50:21","modified_gmt":"2024-05-12T22:50:21","slug":"kite-wake-school","status":"publish","type":"page","link":"https:\/\/kitesurfnoumea.nc\/en\/kite-wake-school\/","title":{"rendered":"Kite-Wake School Noumea"},"content":{"rendered":"<p><\/p>\n<h2 style=\"text-align: justify;\">About the school<\/h2>\n<p style=\"text-align: justify;\"><strong class=\"orange\"><img loading=\"lazy\" class=\"alignright size-medium wp-image-979\" title=\"kiteschool__nouma\" alt=\"\" src=\"http:\/\/kitesurfnoumea.nc\/wp\/wp-content\/uploads\/2011\/10\/kiteschool__nouma-225x300.jpg\" width=\"225\" height=\"300\" srcset=\"https:\/\/kitesurfnoumea.nc\/wp-content\/uploads\/2011\/10\/kiteschool__nouma-225x300.jpg 225w, https:\/\/kitesurfnoumea.nc\/wp-content\/uploads\/2011\/10\/kiteschool__nouma-768x1024.jpg 768w, https:\/\/kitesurfnoumea.nc\/wp-content\/uploads\/2011\/10\/kiteschool__nouma-112x150.jpg 112w, https:\/\/kitesurfnoumea.nc\/wp-content\/uploads\/2011\/10\/kiteschool__nouma.jpg 960w\" sizes=\"(max-width: 225px) 100vw, 225px\" \/>Kitesurf attitude<\/strong> is a kitesurf school in Noum\u00e9a on the beach of Le M\u00e9ridien hotel. Affiliated to the French federation of free flight since 2000, our school is labelled French school of kitesurf \/ EFK: the best quality label ever ! ( see on the French federation free flight sight).<\/p>\n<p style=\"text-align: justify;\">The courses take place on the islets of the south lagoon ( \u00eelot Ma\u00eetre and Goeland ) only 10 to 20 minutes from our nautical base, which is situated at the foot of Le M\u00e9ridien hotel. Those two islets are perfect either to begin or to improve yourself because you&#8217;ll be either on the reef or on the sandbank and you&#8217;ll be able to set foot on the ground everywhere.<\/p>\n<p style=\"text-align: justify;\">With <span class=\"orange\">more than 14 years experience<\/span> in the teaching of kitesurf and more than 5000 trainees who trusted us, we&#8217;ll be very close to you in your learning of this magic sport.<\/p>\n<p style=\"text-align: justify;\"><img loading=\"lazy\" class=\"alignleft size-medium wp-image-980\" title=\"cours_collectif_kitesurf_school_noumea\" alt=\"\" src=\"http:\/\/kitesurfnoumea.nc\/wp\/wp-content\/uploads\/2011\/10\/cours_collectif_kitesurf_school_noumea-300x200.jpg\" width=\"300\" height=\"200\" srcset=\"https:\/\/kitesurfnoumea.nc\/wp-content\/uploads\/2011\/10\/cours_collectif_kitesurf_school_noumea-300x200.jpg 300w, https:\/\/kitesurfnoumea.nc\/wp-content\/uploads\/2011\/10\/cours_collectif_kitesurf_school_noumea-1024x684.jpg 1024w, https:\/\/kitesurfnoumea.nc\/wp-content\/uploads\/2011\/10\/cours_collectif_kitesurf_school_noumea-448x300.jpg 448w, https:\/\/kitesurfnoumea.nc\/wp-content\/uploads\/2011\/10\/cours_collectif_kitesurf_school_noumea-200x133.jpg 200w, https:\/\/kitesurfnoumea.nc\/wp-content\/uploads\/2011\/10\/cours_collectif_kitesurf_school_noumea.jpg 1280w\" sizes=\"(max-width: 300px) 100vw, 300px\" \/>We teach you the real techniques together with letting you know the good attitude to make kitesurf a real pleasure. All along your training, you&#8217;ll have trainers graduated in kitesurf by a state diploma BPJeps and they&#8217;ll give you their passion and their knowledge safely. To be sure to improve yourself quickly, <span class=\"orange\">we won&#8217;t accept more than 4 persons for 1 trainer<\/span>. To ensure this quality, you&#8217;ll be given a <span class=\"orange\">helmet with a radio<\/span> to make it sure you&#8217;ll receive every technical or security piece of information necessary.<\/p>\n<p style=\"text-align: justify;\">You can also have <span class=\"orange\">private lessons<\/span> where you won&#8217;t set foot on the reef so that you can gain confidence in the ocean when you&#8217;ll go on deep depth spots later. Those lessons are given from Le M\u00e9ridien beach where our base stands. You&#8217;ll be accompagnied by a <span class=\"orange\">security boat<\/span> when you&#8217;ll first go out in the ocean.<\/p>\n<p style=\"text-align: justify;\">The school is equipped with a <span class=\"orange\">kitesurf simulator<\/span> to make it easier to waterstart in either ways with a more precise decomposition of the movement.<\/p>\n<p style=\"text-align: justify;\"><strong>Our goal is to make our courses and your training a real first step towards autonomy to practise kitesurf as safely as possible&#8230;for maximum pleasure and minimum risk.<\/strong><\/p>\n<p style=\"text-align: justify;\">Kitesurfing in New Caledonia is easier than in many other places thanks to the trade winds and the diversity of the spots.<\/p>\n<p style=\"text-align: justify;\">You can find out more on our school <a title=\"About the GlisseAttidue KiteSchool\" href=\"http:\/\/www.youtube.com\/watch?feature=player_embedded&amp;v=XmuOPJlbZoI\" target=\"_blank\" rel=\"noopener\">in a short film on Mgxprod<\/a>, but also <a title=\"GlisseAttitude KiteSurf simulator d\u00e9mo vis\u00e9o\" href=\"http:\/\/www.youtube.com\/watch?feature=player_embedded&amp;v=iCN2qywA0mo\" target=\"_blank\" rel=\"noopener\">on our simulator by cliking here<\/a>.<\/p>\n<p style=\"text-align: justify;\"><strong>The school is open everyday and the bookings are made at the shop ( 13 route du v\u00e9lodrome ) and we can also make a pre-booking on the phone. You can pay in several times without any charges. Don&#8217;t hesitate to <a title=\"Laurent BORGNA\" href=\"http:\/\/kitesurfnoumea.nc\/wp\/team\/laurent-borgna\/\">contact us<\/a>.<\/strong><\/p>\n<h2>Our Fees<\/h2>\n<table class=\"nice\">\n<thead>\n<tr>\n<th><\/th>\n<th scope=\"col\">CFP<\/th>\n<th scope=\"col\">\u20ac<\/th>\n<\/tr>\n<\/thead>\n<tbody>\n<tr>\n<td style=\"width: 70%;\">INDIVIDUAL LESSONS \/ hourly rate<\/td>\n<td>9.500<\/td>\n<td>79<\/td>\n<\/tr>\n<tr>\n<td style=\"width: 70%;\">GROUP LESSONS \/ 5 hours<\/td>\n<td>16.500<\/td>\n<td>135<\/td>\n<\/tr>\n<tr>\n<td style=\"width: 70%;\">TRAINING COURSE 4 x 5 hours<\/td>\n<td>54.000<\/td>\n<td>450<\/td>\n<\/tr>\n<tr>\n<td style=\"width: 70%;\">THE\u00a0best of glisse ! : 1 training course and 2 hours of one on one !<\/td>\n<td>69.000<\/td>\n<td>575<\/td>\n<\/tr>\n<tr>\n<td style=\"width: 70%;\">Performance enhancement lesson with your materiel<\/td>\n<td>11.000<\/td>\n<td><\/td>\n<\/tr>\n<tr>\n<td style=\"width: 70%;\">Performance enhancement lesson with our materiel<\/td>\n<td>14.000<\/td>\n<td><\/td>\n<\/tr>\n<tr>\n<td style=\"width: 70%;\">SIMULATEUR \/ WAKEBOARD\u00a0 1\/2h<\/td>\n<td>5.500<\/td>\n<td>37<\/td>\n<\/tr>\n<tr>\n<td style=\"width: 70%;\">WAKEBOARDING LESSON 16 min<\/td>\n<td>4.900<\/td>\n<td>35<\/td>\n<\/tr>\n<tr>\n<td style=\"width: 70%;\">SESSION WAKEBOARD \/ SKI \/ 16 min<\/td>\n<td>4.900<\/td>\n<td>30<\/td>\n<\/tr>\n<tr>\n<td style=\"width: 70%;\"><\/td>\n<td><\/td>\n<td><\/td>\n<\/tr>\n<tr>\n<td style=\"width: 70%;\">School Subscription : FFVL membership + school insurance\u00a0 6 days<\/td>\n<td>2.000<\/td>\n<td>17<\/td>\n<\/tr>\n<tr>\n<td style=\"width: 70%;\">Regular Subscription : FFVL membership + liability insurance<\/td>\n<td>6.000<\/td>\n<td>49<\/td>\n<\/tr>\n<tr>\n<td style=\"width: 70%;\">Comprehensive Subscription : FFVL membership + liability insurance + individual insurance<\/td>\n<td>9.500<\/td>\n<td>76<\/td>\n<\/tr>\n<\/tbody>\n<\/table>\n<p><strong>10% DISCOUNT : FOR UNDER 25 year olds AND GROUPS OF 2 MINIMUM.<\/strong><\/p>\n<p>For business groups and any GROUPS OF 5 OR MORE, please <a title=\"Contact\" href=\"http:\/\/kitesurfnoumea.nc\/wp\/contact\/\">contact us<\/a>.<\/p>\n<h3>Notes<\/h3>\n<ul>\n<li>It is required that groups subscribe to the FFVL (French Federation of Flying Sports), or to have a public liability insurance statement issued by the insurance company specifically for kitesurfing.<\/li>\n<li>The French Federation of Flying Sports membership includes : public liability insurance, the federal membership, and the club or school membership.<\/li>\n<li>The public liability insurance covers costs resulting from the damages caused to a third party only, therefore we recommend that you take an individual insurance to complement it and cover eventual self-inclicted bodily harm.<\/li>\n<li>To start the lessons you must have a <span class=\"orange\">MEDICAL CERTIFICATE<\/span> saying you are fit to kitesurf.<\/li>\n<li>Lessons include all kiting equipment and boat rides to the islands.<\/li>\n<\/ul>\n<h2>Vid\u00e9os<\/h2>\n<h3>About the school<\/h3>\n<div class=\"video-wrapper\">\n<div class=\"video-container\"><iframe title=\"Ecole Kitesurf Noum\u00e9a - Glisse Attitude\" width=\"700\" height=\"525\" src=\"https:\/\/www.youtube.com\/embed\/XmuOPJlbZoI?feature=oembed&amp;wmode=opaque\" frameborder=\"0\" allow=\"accelerometer; autoplay; clipboard-write; encrypted-media; gyroscope; picture-in-picture; web-share\" referrerpolicy=\"strict-origin-when-cross-origin\" allowfullscreen><\/iframe><\/div>\n<\/div>\n<h3>KiteSurf Simulator D\u00e9mo<\/h3>\n<p>http:\/\/www.youtube.com\/watch?feature=player_embedded&#038;v=iCN2qywA0mo<\/p>","protected":false},"excerpt":{"rendered":"<p>About the school Kitesurf attitude is a kitesurf school in Noum\u00e9a on the beach of Le M\u00e9ridien hotel. Affiliated to the French federation of free flight since 2000, our school is labelled French school of kitesurf \/ EFK: the best &hellip;<\/p>\n","protected":false},"author":1,"featured_media":977,"parent":0,"menu_order":22,"comment_status":"open","ping_status":"open","template":"","meta":{"_monsterinsights_skip_tracking":false,"_monsterinsights_sitenote_active":false,"_monsterinsights_sitenote_note":"","_monsterinsights_sitenote_category":0},"_links":{"self":[{"href":"https:\/\/kitesurfnoumea.nc\/en\/wp-json\/wp\/v2\/pages\/942"}],"collection":[{"href":"https:\/\/kitesurfnoumea.nc\/en\/wp-json\/wp\/v2\/pages"}],"about":[{"href":"https:\/\/kitesurfnoumea.nc\/en\/wp-json\/wp\/v2\/types\/page"}],"author":[{"embeddable":true,"href":"https:\/\/kitesurfnoumea.nc\/en\/wp-json\/wp\/v2\/users\/1"}],"replies":[{"embeddable":true,"href":"https:\/\/kitesurfnoumea.nc\/en\/wp-json\/wp\/v2\/comments?post=942"}],"version-history":[{"count":7,"href":"https:\/\/kitesurfnoumea.nc\/en\/wp-json\/wp\/v2\/pages\/942\/revisions"}],"predecessor-version":[{"id":28102,"href":"https:\/\/kitesurfnoumea.nc\/en\/wp-json\/wp\/v2\/pages\/942\/revisions\/28102"}],"wp:featuredmedia":[{"embeddable":true,"href":"https:\/\/kitesurfnoumea.nc\/en\/wp-json\/wp\/v2\/media\/977"}],"wp:attachment":[{"href":"https:\/\/kitesurfnoumea.nc\/en\/wp-json\/wp\/v2\/media?parent=942"}],"curies":[{"name":"wp","href":"https:\/\/api.w.org\/{rel}","templated":true}]}}