{"id":8,"date":"2011-08-07T04:22:56","date_gmt":"2011-08-07T04:22:56","guid":{"rendered":"http:\/\/kitesurfnoumea.nc\/wp\/?page_id=8"},"modified":"2020-10-05T15:48:08","modified_gmt":"2020-10-05T04:48:08","slug":"ecole","status":"publish","type":"page","link":"https:\/\/kitesurfnoumea.nc\/en\/ecole\/","title":{"rendered":"Cours de kitesurf et de wakeboard"},"content":{"rendered":"<p><\/p>\n<p align=\"justify\">Kitesurf Attitude une \u00e9cole labellis\u00e9e <strong>EFK<\/strong> et <strong>FFVL<\/strong> depuis 2000.<\/p>\n<p>Le but recherch\u00e9 par l\u2019\u00e9cole est que nos cours et votre stage soient un tremplin vers l\u2019autonomie pour pratiquer le kitesurf en toute s\u00e9curit\u00e9\u2026.pour un maximum de plaisir et un minimum de risque.<\/p>\n<p>L&#8217;\u00e9cole est ouverte <strong class=\"orange\">7 jours sur 7<\/strong> et les\u00a0r\u00e9servations se font au <a title=\"Contact\" href=\"http:\/\/kitesurfnoumea.nc\/wp\/contact\/\">magasin<\/a> (13 rte du V\u00e9lodrome) et\u00a0une pr\u00e9-r\u00e9servation est possible par t\u00e9l\u00e9phone.\u00a0 Le paiement peut \u00eatre fait en plusieurs fois sans frais.<\/p>\n<p><\/p>","protected":false},"excerpt":{"rendered":"<p>Kitesurf Attitude une \u00e9cole labellis\u00e9e EFK et FFVL depuis 2000. Le but recherch\u00e9 par l\u2019\u00e9cole est que nos cours et votre stage soient un tremplin vers l\u2019autonomie pour pratiquer le kitesurf en toute s\u00e9curit\u00e9\u2026.pour un maximum de plaisir et un &hellip;<\/p>\n","protected":false},"author":1,"featured_media":168,"parent":0,"menu_order":14,"comment_status":"open","ping_status":"open","template":"","meta":{"_monsterinsights_skip_tracking":false,"_monsterinsights_sitenote_active":false,"_monsterinsights_sitenote_note":"","_monsterinsights_sitenote_category":0},"_links":{"self":[{"href":"https:\/\/kitesurfnoumea.nc\/en\/wp-json\/wp\/v2\/pages\/8"}],"collection":[{"href":"https:\/\/kitesurfnoumea.nc\/en\/wp-json\/wp\/v2\/pages"}],"about":[{"href":"https:\/\/kitesurfnoumea.nc\/en\/wp-json\/wp\/v2\/types\/page"}],"author":[{"embeddable":true,"href":"https:\/\/kitesurfnoumea.nc\/en\/wp-json\/wp\/v2\/users\/1"}],"replies":[{"embeddable":true,"href":"https:\/\/kitesurfnoumea.nc\/en\/wp-json\/wp\/v2\/comments?post=8"}],"version-history":[{"count":7,"href":"https:\/\/kitesurfnoumea.nc\/en\/wp-json\/wp\/v2\/pages\/8\/revisions"}],"predecessor-version":[{"id":27436,"href":"https:\/\/kitesurfnoumea.nc\/en\/wp-json\/wp\/v2\/pages\/8\/revisions\/27436"}],"wp:featuredmedia":[{"embeddable":true,"href":"https:\/\/kitesurfnoumea.nc\/en\/wp-json\/wp\/v2\/media\/168"}],"wp:attachment":[{"href":"https:\/\/kitesurfnoumea.nc\/en\/wp-json\/wp\/v2\/media?parent=8"}],"curies":[{"name":"wp","href":"https:\/\/api.w.org\/{rel}","templated":true}]}}