{"id":375,"date":"2011-09-07T18:39:21","date_gmt":"2011-09-07T07:39:21","guid":{"rendered":"http:\/\/kitesurfnoumea.nc\/wp\/?page_id=375"},"modified":"2025-07-10T02:45:09","modified_gmt":"2025-07-09T15:45:09","slug":"contact","status":"publish","type":"page","link":"https:\/\/kitesurfnoumea.nc\/en\/contact\/","title":{"rendered":"Contact"},"content":{"rendered":"<p><\/p>\n<h2>Le shop<\/h2>\n<p><a href=\"http:\/\/kitesurfnoumea.nc\/wp\/wp-content\/uploads\/2011\/09\/magasin.jpg\"><img loading=\"lazy\" class=\"alignright size-medium wp-image-1125\" title=\"Le shop\" alt=\"\" src=\"http:\/\/kitesurfnoumea.nc\/wp\/wp-content\/uploads\/2011\/09\/magasin-300x128.jpg\" width=\"300\" height=\"128\" \/><\/a><strong>Adresse:<\/strong><br \/>\n13 route du V\u00e9lodrome<br \/>\nOrphelinat &#8211; Noum\u00e9a<br \/>\n(en face du labo des Catalan, \u00e0 cot\u00e9 du Cabaret)<\/p>\n<p><strong>Horaire du magasin:<\/strong><br \/>\nDu lundi au Samedi: 9h \u00e0 12H et de 15H \u00e0 18h30<br \/>\n<a href=\"http:\/\/kitesurfnoumea.nc\/wp\/wp-content\/uploads\/2011\/09\/plan-Noumea-kitesurf-Glisse-Attitude.jpg\"><img loading=\"lazy\" class=\"size-medium wp-image-662 alignright\" title=\"Plan Glisse Attitude\" alt=\"\" src=\"http:\/\/kitesurfnoumea.nc\/wp\/wp-content\/uploads\/2011\/09\/plan-Noumea-kitesurf-Glisse-Attitude-300x168.jpg\" width=\"300\" height=\"168\" srcset=\"https:\/\/kitesurfnoumea.nc\/wp-content\/uploads\/2011\/09\/plan-Noumea-kitesurf-Glisse-Attitude-300x168.jpg 300w, https:\/\/kitesurfnoumea.nc\/wp-content\/uploads\/2011\/09\/plan-Noumea-kitesurf-Glisse-Attitude-500x281.jpg 500w, https:\/\/kitesurfnoumea.nc\/wp-content\/uploads\/2011\/09\/plan-Noumea-kitesurf-Glisse-Attitude-200x112.jpg 200w, https:\/\/kitesurfnoumea.nc\/wp-content\/uploads\/2011\/09\/plan-Noumea-kitesurf-Glisse-Attitude.jpg 640w\" sizes=\"(max-width: 300px) 100vw, 300px\" \/><\/a><\/p>\n<p><strong>T\u00e9l\u00e9phone:<\/strong> <a title=\"Appelez nous au (+687) 28 90 69\" href=\"tel:+687-28-90-69\">(+687) 28 90 69<\/a><\/p>\n<h2>\u00a0Nous envoyer un E-mail<\/h2>\n<p><div role=\"form\" class=\"wpcf7\" id=\"wpcf7-f667-o2\" lang=\"en-US\" dir=\"ltr\">\n<div class=\"screen-reader-response\"><p role=\"status\" aria-live=\"polite\" aria-atomic=\"true\"><\/p> <ul><\/ul><\/div>\n<form action=\"\/en\/wp-json\/wp\/v2\/pages\/375#wpcf7-f667-o2\" method=\"post\" class=\"wpcf7-form init\" novalidate=\"novalidate\" data-status=\"init\">\n<div style=\"display: none;\">\n<input type=\"hidden\" name=\"_wpcf7\" value=\"667\" \/>\n<input type=\"hidden\" name=\"_wpcf7_version\" value=\"5.3.2\" \/>\n<input type=\"hidden\" name=\"_wpcf7_locale\" value=\"en_US\" \/>\n<input type=\"hidden\" name=\"_wpcf7_unit_tag\" value=\"wpcf7-f667-o2\" \/>\n<input type=\"hidden\" name=\"_wpcf7_container_post\" value=\"0\" \/>\n<input type=\"hidden\" name=\"_wpcf7_posted_data_hash\" value=\"\" \/>\n<input type=\"hidden\" name=\"_wpcf7_recaptcha_response\" value=\"\" \/>\n<\/div>\n<div class=\"group\" >    <span class=\"wpcf7-form-control-wrap your-name\"><input type=\"text\" name=\"your-name\" value=\"\" size=\"40\" class=\"wpcf7-form-control wpcf7-text wpcf7-validates-as-required\" aria-required=\"true\" aria-invalid=\"false\" \/><\/span> <label>Votre nom<\/label><\/div>\n<div class=\"group\" >    <span class=\"wpcf7-form-control-wrap your-email\"><input type=\"email\" name=\"your-email\" value=\"\" size=\"40\" class=\"wpcf7-form-control wpcf7-text wpcf7-email wpcf7-validates-as-required wpcf7-validates-as-email\" aria-required=\"true\" aria-invalid=\"false\" \/><\/span> <label>Votre email<\/label><\/div>\n<div class=\"group\" >    <span class=\"wpcf7-form-control-wrap your-subject\"><input type=\"text\" name=\"your-subject\" value=\"\" size=\"40\" class=\"wpcf7-form-control wpcf7-text\" aria-invalid=\"false\" \/><\/span>  <label>Sujet<\/label><\/div>\n<div class=\"group\" >    <span class=\"wpcf7-form-control-wrap your-message\"><textarea name=\"your-message\" cols=\"40\" rows=\"10\" class=\"wpcf7-form-control wpcf7-textarea\" aria-invalid=\"false\"><\/textarea><\/span> <label>Votre message<\/label><\/div>\n<p><i class=\"wpcf7-submit waves-effect waves-light waves-input-wrapper\"><input type=\"submit\" value=\"Envoyer\" class=\"wpcf7-form-control wpcf7-submit waves-button-input\" \/><\/i><\/p>\n<div class=\"wpcf7-response-output\" aria-hidden=\"true\"><\/div><\/form><\/div><\/p>","protected":false},"excerpt":{"rendered":"<p>Le shop Adresse: 13 route du V\u00e9lodrome Orphelinat &#8211; Noum\u00e9a (en face du labo des Catalan, \u00e0 cot\u00e9 du Cabaret) Horaire du magasin: Du lundi au Samedi: 9h \u00e0 12H et de 15H \u00e0 18h30 T\u00e9l\u00e9phone: (+687) 28 90 69 &hellip;<\/p>\n","protected":false},"author":1,"featured_media":0,"parent":0,"menu_order":21,"comment_status":"open","ping_status":"open","template":"page-contact.php","meta":{"_monsterinsights_skip_tracking":false,"_monsterinsights_sitenote_active":false,"_monsterinsights_sitenote_note":"","_monsterinsights_sitenote_category":0},"_links":{"self":[{"href":"https:\/\/kitesurfnoumea.nc\/en\/wp-json\/wp\/v2\/pages\/375"}],"collection":[{"href":"https:\/\/kitesurfnoumea.nc\/en\/wp-json\/wp\/v2\/pages"}],"about":[{"href":"https:\/\/kitesurfnoumea.nc\/en\/wp-json\/wp\/v2\/types\/page"}],"author":[{"embeddable":true,"href":"https:\/\/kitesurfnoumea.nc\/en\/wp-json\/wp\/v2\/users\/1"}],"replies":[{"embeddable":true,"href":"https:\/\/kitesurfnoumea.nc\/en\/wp-json\/wp\/v2\/comments?post=375"}],"version-history":[{"count":7,"href":"https:\/\/kitesurfnoumea.nc\/en\/wp-json\/wp\/v2\/pages\/375\/revisions"}],"predecessor-version":[{"id":28210,"href":"https:\/\/kitesurfnoumea.nc\/en\/wp-json\/wp\/v2\/pages\/375\/revisions\/28210"}],"wp:attachment":[{"href":"https:\/\/kitesurfnoumea.nc\/en\/wp-json\/wp\/v2\/media?parent=375"}],"curies":[{"name":"wp","href":"https:\/\/api.w.org\/{rel}","templated":true}]}}