{"id":338,"date":"2011-09-07T18:14:51","date_gmt":"2011-09-07T07:14:51","guid":{"rendered":"http:\/\/kitesurfnoumea.nc\/wp\/?page_id=338"},"modified":"2023-05-31T17:55:12","modified_gmt":"2023-05-31T06:55:12","slug":"conditions","status":"publish","type":"page","link":"https:\/\/kitesurfnoumea.nc\/en\/ecole\/conditions\/","title":{"rendered":"Conditions"},"content":{"rendered":"<p><\/p>\n<h2>A mettre dans votre sac<\/h2>\n<ul>\n<li>Des lunettes de soleil avec un cordon pour ne pas les perdre (les lunettes sont tr\u00e8s importantes car nous avons les yeux dirig\u00e9s vers le soleil)<\/li>\n<li>Une paire de chaussures ferm\u00e9es pour marcher sur le platier ( type chausson neoprene )<\/li>\n<li>De quoi vous prot\u00e9ger du froid et du soleil, c&#8217;est-\u00e0-dire combinaison, shorty, ou lycra&#8230;<\/li>\n<li>Un encas et de l&#8217;eau<\/li>\n<\/ul>\n<h2>Conditions g\u00e9n\u00e9rales<\/h2>\n<p><strong>Vous devez lire ces conditions, car le paiement des s\u00e9ances signifient que vous acceptez ces derni\u00e8res.<\/strong><\/p>\n<p><strong>\u00catre en bonne sant\u00e9<\/strong>\u00a0: fournir un certificat m\u00e9dical de non contre indication \u00e0 la pratique du kitesurf<\/p>\n<p><strong>Savoir Nager<\/strong>\u00a0:\u00a050 m pour les plus de 16 ans et 25 m pour les \u2013 de 16 ans<\/p>\n<p><strong>Etre Assur\u00e9<\/strong>\u00a0: Nous vous d\u00e9livrons\u00a0 une licence kite \u00e9cole ou ann\u00e9e \u00a0mais aussi la possibilit\u00e9 de vous assurer pour vos d\u00e9g\u00e2ts corporels propres ( lire les\u00a0obligations administratives )<\/p>\n<p><strong>La Garantie Vent\u00a0 : <\/strong>Les cours sont adapt\u00e9s en fonction des conditions m\u00e9t\u00e9orologiques. Si la s\u00e9ance ne peut avoir lieu \u00e0 cause de mauvaises conditions m\u00e9t\u00e9orologiques, pas assez de vent ou trop de vent, l\u2019int\u00e9gralit\u00e9 des cours non effectu\u00e9s seront report\u00e9s.<\/p>\n<p><strong>Etre pr\u00e9sent<\/strong>\u00a0: en effet la place que vous avez r\u00e9serv\u00e9e vous appartient.<\/p>\n<p><strong><span style=\"text-decoration: underline;\"><em>En cas d\u2019emp\u00eachement<\/em><\/span><\/strong>\u00a0; vous devez de nous pr\u00e9venir <strong>au moins 48 h avant le d\u00e9but des cours<\/strong> de votre absence, dans ce cas votre cours sera report\u00e9.<\/p>\n<p><strong><em><span style=\"text-decoration: underline;\">En cas d\u2019annulation<\/span><\/em><\/strong>\u00a0; de votre part dans les 48 H avant le d\u00e9but de vos cours aucun remboursement ne pourra \u00eatre effectu\u00e9 et la s\u00e9ance sera valid\u00e9e par l\u2019\u00e9cole.<\/p>\n<p>La formule choisie devra \u00eatre r\u00e9gl\u00e9e en int\u00e9gralit\u00e9 d\u00e8s le premier jour du stage, 5000 cfp de r\u00e9servation devra \u00eatre r\u00e9gl\u00e9 d\u00e8s la r\u00e9servation des cours.<\/p>\n<p>Les cours ne sont pas remboursables mais ils peuvent \u00eatre &#8220;donn\u00e9s&#8221; \u00e0 une ou plusieurs personnes. La s\u00e9ance doit \u00eatre utilis\u00e9e dans un d\u00e9lai de un an.<\/p>\n<p><strong><span style=\"text-decoration: underline;\">Important<\/span><\/strong>\u00a0:\u00a0 Nos sites de pratique sont\u00a0 des endroits extraordinaires pour l\u2019apprentissage cependant nous \u00e9voluerons dans un milieu naturel\u00a0 avec sa faune et sa flore. L\u2019\u00e9cole d\u00e9cline toute responsabilit\u00e9 en cas de blessure personnelle. Vous devrez vous \u00e9quiper en toute connaissance de cause<\/p>\n<p><strong>Lieu et heure de rendez-vous : <\/strong>Le rendez vous est donn\u00e9 sur la plage de l&#8217;hotel du M\u00e9ridien 10 MINUTES AVANT le d\u00e9but des cours. L\u2019heure de rendez-vous d\u00e9pend de l\u2019horaire de mar\u00e9e, tous les rendez-vous sont fix\u00e9s \u00e0 l\u2019avance lors de l\u2019inscription sur le planning de l\u2019\u00e9cole.<\/p>\n<h2>Obligations administratives<\/h2>\n<p>La licence s&#8217;av\u00e8re obligatoire pour tous les pratiquants de l&#8217;\u00e9cole, mais aussi tr\u00e9s fortement conseill\u00e9e pour la suite de votre pratique. La licence est avant tout une responsabilit\u00e9 civile mais peut-\u00eatre\u00a0 aussi un complement d&#8217;assurance en fonction de vos besoins.<\/p>\n<p>Il existe plusieurs types de licence :<\/p>\n<ul>\n<li><strong>Licence \u00e9cole RC\u00a0 6 jours <\/strong>\u00a0: qui vous couvre uniquement pour votre pratique en \u00e9cole pour 6 s\u00e9ances co\u00fbt : 2.000 CFP\/an<\/li>\n<li><strong>Licence ann\u00e9e RC<\/strong>: qui vous couvre en \u00e9cole et pour votre pratique personnelle<br \/>\nco\u00fbt : 6.000 CFP\/an\u00a0 ( Certificat M\u00e9dical de non contre-indication \u00e0 la pratique du kitesurf obligatoire)<\/li>\n<li><strong>Licence ann\u00e9e RC\u00a0 + IA<\/strong> : qui vous couvre en \u00e9cole et pour votre pratique personnelle<br \/>\nco\u00fbt : 9500\u00a0CFP\/an\u00a0 ( Certificat M\u00e9dical de non contre-indication \u00e0 la pratique du kitesurf obligatoire)<\/li>\n<\/ul>\n<p>Pour ceux\u00a0 qui ne souhaite pas souscrire une licence, il est n\u00e9cessaire de fournir une attestation d&#8217;assurance de responsabilit\u00e9 civile sp\u00e9cifiant la pratique du kite.<\/p>","protected":false},"excerpt":{"rendered":"<p>A mettre dans votre sac Des lunettes de soleil avec un cordon pour ne pas les perdre (les lunettes sont tr\u00e8s importantes car nous avons les yeux dirig\u00e9s vers le soleil) Une paire de chaussures ferm\u00e9es pour marcher sur le &hellip;<\/p>\n","protected":false},"author":1,"featured_media":0,"parent":8,"menu_order":8,"comment_status":"open","ping_status":"open","template":"","meta":{"_monsterinsights_skip_tracking":false,"_monsterinsights_sitenote_active":false,"_monsterinsights_sitenote_note":"","_monsterinsights_sitenote_category":0},"_links":{"self":[{"href":"https:\/\/kitesurfnoumea.nc\/en\/wp-json\/wp\/v2\/pages\/338"}],"collection":[{"href":"https:\/\/kitesurfnoumea.nc\/en\/wp-json\/wp\/v2\/pages"}],"about":[{"href":"https:\/\/kitesurfnoumea.nc\/en\/wp-json\/wp\/v2\/types\/page"}],"author":[{"embeddable":true,"href":"https:\/\/kitesurfnoumea.nc\/en\/wp-json\/wp\/v2\/users\/1"}],"replies":[{"embeddable":true,"href":"https:\/\/kitesurfnoumea.nc\/en\/wp-json\/wp\/v2\/comments?post=338"}],"version-history":[{"count":7,"href":"https:\/\/kitesurfnoumea.nc\/en\/wp-json\/wp\/v2\/pages\/338\/revisions"}],"predecessor-version":[{"id":27889,"href":"https:\/\/kitesurfnoumea.nc\/en\/wp-json\/wp\/v2\/pages\/338\/revisions\/27889"}],"up":[{"embeddable":true,"href":"https:\/\/kitesurfnoumea.nc\/en\/wp-json\/wp\/v2\/pages\/8"}],"wp:attachment":[{"href":"https:\/\/kitesurfnoumea.nc\/en\/wp-json\/wp\/v2\/media?parent=338"}],"curies":[{"name":"wp","href":"https:\/\/api.w.org\/{rel}","templated":true}]}}