{"id":243,"date":"2011-09-07T12:40:21","date_gmt":"2011-09-07T01:40:21","guid":{"rendered":"http:\/\/kitesurfnoumea.nc\/wp\/?page_id=243"},"modified":"2022-12-12T17:23:58","modified_gmt":"2022-12-12T06:23:58","slug":"formule-best-of-glisse","status":"publish","type":"page","link":"https:\/\/kitesurfnoumea.nc\/en\/ecole\/nos-formules\/formule-best-of-glisse\/","title":{"rendered":"La formule Best of Glisse"},"content":{"rendered":"<p>La formule Best of Glisse est la formule destin\u00e9e \u00e0 ceux qui veulent d\u00e9couvrir le kite mais aussi aller un peu plus loin dans leur apprentissage.<\/p>\n<p>De quoi s&#8217;agit-il ? <strong>Un package complet avec 2 heures de cours particuliers et un stage de 4 jours en cours collectif.<\/strong><\/p>\n<p>Comment cela s&#8217;organise ? C&#8217;est tr\u00e9s simple, c&#8217;est VOUS qui choisissez, vous d\u00e9butez par le cours particulier pour d\u00e9couvrir \u00e0 votre ryhtme les bases du kitesurf et vous enchainez une fois ces notions acquises en cours collectif ( 4 x 5 heures). Cependant vous pouvez aussi d\u00e9cider de d\u00e9buter en cours collectif, et de terminer avec le cours particulier pour perfectionner vos acquis et certaines techniques.<\/p>\n<p><a href=\"http:\/\/kitesurfnoumea.nc\/wp\/wp-content\/uploads\/2011\/09\/switch_0.jpg\"><img loading=\"lazy\" class=\"aligncenter size-large wp-image-251\" title=\"Formule Best of Glisse\" src=\"http:\/\/kitesurfnoumea.nc\/wp\/wp-content\/uploads\/2011\/09\/switch_0-1024x683.jpg\" alt=\"\" width=\"700\" height=\"466\" srcset=\"https:\/\/kitesurfnoumea.nc\/wp-content\/uploads\/2011\/09\/switch_0-1024x683.jpg 1024w, https:\/\/kitesurfnoumea.nc\/wp-content\/uploads\/2011\/09\/switch_0-300x200.jpg 300w, https:\/\/kitesurfnoumea.nc\/wp-content\/uploads\/2011\/09\/switch_0-449x300.jpg 449w, https:\/\/kitesurfnoumea.nc\/wp-content\/uploads\/2011\/09\/switch_0-200x133.jpg 200w, https:\/\/kitesurfnoumea.nc\/wp-content\/uploads\/2011\/09\/switch_0.jpg 1280w\" sizes=\"(max-width: 700px) 100vw, 700px\" \/><\/a><\/p>\n","protected":false},"excerpt":{"rendered":"<p>La formule Best of Glisse est la formule destin\u00e9e \u00e0 ceux qui veulent d\u00e9couvrir le kite mais aussi aller un peu plus loin dans leur apprentissage. De quoi s&#8217;agit-il ? Un package complet avec 2 heures de cours particuliers et &hellip;<\/p>\n","protected":false},"author":1,"featured_media":0,"parent":176,"menu_order":3,"comment_status":"open","ping_status":"open","template":"","meta":{"_monsterinsights_skip_tracking":false,"_monsterinsights_sitenote_active":false,"_monsterinsights_sitenote_note":"","_monsterinsights_sitenote_category":0},"_links":{"self":[{"href":"https:\/\/kitesurfnoumea.nc\/en\/wp-json\/wp\/v2\/pages\/243"}],"collection":[{"href":"https:\/\/kitesurfnoumea.nc\/en\/wp-json\/wp\/v2\/pages"}],"about":[{"href":"https:\/\/kitesurfnoumea.nc\/en\/wp-json\/wp\/v2\/types\/page"}],"author":[{"embeddable":true,"href":"https:\/\/kitesurfnoumea.nc\/en\/wp-json\/wp\/v2\/users\/1"}],"replies":[{"embeddable":true,"href":"https:\/\/kitesurfnoumea.nc\/en\/wp-json\/wp\/v2\/comments?post=243"}],"version-history":[{"count":6,"href":"https:\/\/kitesurfnoumea.nc\/en\/wp-json\/wp\/v2\/pages\/243\/revisions"}],"predecessor-version":[{"id":27715,"href":"https:\/\/kitesurfnoumea.nc\/en\/wp-json\/wp\/v2\/pages\/243\/revisions\/27715"}],"up":[{"embeddable":true,"href":"https:\/\/kitesurfnoumea.nc\/en\/wp-json\/wp\/v2\/pages\/176"}],"wp:attachment":[{"href":"https:\/\/kitesurfnoumea.nc\/en\/wp-json\/wp\/v2\/media?parent=243"}],"curies":[{"name":"wp","href":"https:\/\/api.w.org\/{rel}","templated":true}]}}