{"id":238,"date":"2011-09-07T12:30:54","date_gmt":"2011-09-07T01:30:54","guid":{"rendered":"http:\/\/kitesurfnoumea.nc\/wp\/?page_id=238"},"modified":"2022-12-12T17:23:37","modified_gmt":"2022-12-12T06:23:37","slug":"le-cours-perfectionnement","status":"publish","type":"page","link":"https:\/\/kitesurfnoumea.nc\/en\/ecole\/nos-formules\/le-cours-perfectionnement\/","title":{"rendered":"Le cours perfectionnement"},"content":{"rendered":"<p><a href=\"http:\/\/kitesurfnoumea.nc\/wp\/wp-content\/uploads\/2011\/09\/KiteNC-14.jpg\"><img loading=\"lazy\" class=\"size-medium wp-image-1390 alignright\" title=\"KiteNC-14\" src=\"http:\/\/kitesurfnoumea.nc\/wp\/wp-content\/uploads\/2011\/09\/KiteNC-14-300x199.jpg\" alt=\"\" width=\"300\" height=\"199\" srcset=\"https:\/\/kitesurfnoumea.nc\/wp-content\/uploads\/2011\/09\/KiteNC-14-300x200.jpg 300w, https:\/\/kitesurfnoumea.nc\/wp-content\/uploads\/2011\/09\/KiteNC-14-1024x682.jpg 1024w, https:\/\/kitesurfnoumea.nc\/wp-content\/uploads\/2011\/09\/KiteNC-14-450x300.jpg 450w, https:\/\/kitesurfnoumea.nc\/wp-content\/uploads\/2011\/09\/KiteNC-14-200x133.jpg 200w, https:\/\/kitesurfnoumea.nc\/wp-content\/uploads\/2011\/09\/KiteNC-14.jpg 1280w\" sizes=\"(max-width: 300px) 100vw, 300px\" \/><\/a>Passez \u00e0 la vitesse sup\u00e9rieure une fois le stage de 4 jours effectu\u00e9s.<\/p>\n<p>La journ\u00e9e\u00a0perfectionnement vous permettra de maitriser votre glisse mais aussi si vous le souhaitez de naviguer avec votre propre materiel en assurant votre navigation par une assistance s\u00e9curis\u00e9e par la radio et la presence du moniteur.<\/p>\n<p>Il est possible d&#8217;\u00e9tablir des objectifs personnels adapt\u00e9s \u00e0 votre niveau afin de r\u00e9pondre au mieux \u00e0 votre demande.<\/p>\n<p>Selon votre progression vous pourrez donc affiner votre navigation, confirmer vos bases de la s\u00e9curit\u00e9, mais aussi apprendre les premiers sauts de mani\u00e8re ludique et progressive.<\/p>\n<p>Il est possible de profiter d&#8217;une formule de 4 journ\u00e9es perfectionnement et de b\u00e9n\u00e9ficier de tarif preferentiel. Ces journ\u00e9es pourront vous permettre aussi de vous d\u00e9cider dans l&#8217;acquisition de votre futur materiel en le testant. Il est \u00e0 noter que les stagiaires b\u00e9n\u00e9ficient chez nous de tarifs plus avantageux sur le materiel.<\/p>\n<p>La licence FFVL ou\u00a0une attestation d&#8217;assurance sera demand\u00e9e lors de la r\u00e9servation.<\/p>\n<p style=\"text-align: center;\"><a href=\"http:\/\/kitesurfnoumea.nc\/wp\/wp-content\/uploads\/2011\/09\/sffrees3.jpg\"><img loading=\"lazy\" class=\"aligncenter size-large wp-image-256\" title=\"Perfectionnement\" src=\"http:\/\/kitesurfnoumea.nc\/wp\/wp-content\/uploads\/2011\/09\/sffrees3-1024x723.jpg\" alt=\"\" width=\"700\" height=\"494\" srcset=\"https:\/\/kitesurfnoumea.nc\/wp-content\/uploads\/2011\/09\/sffrees3-1024x723.jpg 1024w, https:\/\/kitesurfnoumea.nc\/wp-content\/uploads\/2011\/09\/sffrees3-300x211.jpg 300w, https:\/\/kitesurfnoumea.nc\/wp-content\/uploads\/2011\/09\/sffrees3-424x300.jpg 424w, https:\/\/kitesurfnoumea.nc\/wp-content\/uploads\/2011\/09\/sffrees3-200x141.jpg 200w, https:\/\/kitesurfnoumea.nc\/wp-content\/uploads\/2011\/09\/sffrees3.jpg 1280w\" sizes=\"(max-width: 700px) 100vw, 700px\" \/><\/a><\/p>\n","protected":false},"excerpt":{"rendered":"<p>Passez \u00e0 la vitesse sup\u00e9rieure une fois le stage de 4 jours effectu\u00e9s. La journ\u00e9e\u00a0perfectionnement vous permettra de maitriser votre glisse mais aussi si vous le souhaitez de naviguer avec votre propre materiel en assurant votre navigation par une assistance &hellip;<\/p>\n","protected":false},"author":1,"featured_media":0,"parent":176,"menu_order":2,"comment_status":"open","ping_status":"open","template":"","meta":{"_monsterinsights_skip_tracking":false,"_monsterinsights_sitenote_active":false,"_monsterinsights_sitenote_note":"","_monsterinsights_sitenote_category":0},"_links":{"self":[{"href":"https:\/\/kitesurfnoumea.nc\/en\/wp-json\/wp\/v2\/pages\/238"}],"collection":[{"href":"https:\/\/kitesurfnoumea.nc\/en\/wp-json\/wp\/v2\/pages"}],"about":[{"href":"https:\/\/kitesurfnoumea.nc\/en\/wp-json\/wp\/v2\/types\/page"}],"author":[{"embeddable":true,"href":"https:\/\/kitesurfnoumea.nc\/en\/wp-json\/wp\/v2\/users\/1"}],"replies":[{"embeddable":true,"href":"https:\/\/kitesurfnoumea.nc\/en\/wp-json\/wp\/v2\/comments?post=238"}],"version-history":[{"count":6,"href":"https:\/\/kitesurfnoumea.nc\/en\/wp-json\/wp\/v2\/pages\/238\/revisions"}],"predecessor-version":[{"id":27713,"href":"https:\/\/kitesurfnoumea.nc\/en\/wp-json\/wp\/v2\/pages\/238\/revisions\/27713"}],"up":[{"embeddable":true,"href":"https:\/\/kitesurfnoumea.nc\/en\/wp-json\/wp\/v2\/pages\/176"}],"wp:attachment":[{"href":"https:\/\/kitesurfnoumea.nc\/en\/wp-json\/wp\/v2\/media?parent=238"}],"curies":[{"name":"wp","href":"https:\/\/api.w.org\/{rel}","templated":true}]}}