{"id":211,"date":"2011-09-07T12:19:27","date_gmt":"2011-09-07T01:19:27","guid":{"rendered":"http:\/\/kitesurfnoumea.nc\/wp\/?page_id=211"},"modified":"2023-12-04T12:41:12","modified_gmt":"2023-12-04T01:41:12","slug":"la-journee-en-cours-collectif","status":"publish","type":"page","link":"https:\/\/kitesurfnoumea.nc\/en\/ecole\/nos-formules\/la-journee-en-cours-collectif\/","title":{"rendered":"La journ\u00e9e en cours collectif"},"content":{"rendered":"<p><img loading=\"lazy\" class=\"size-medium wp-image-213 alignright\" src=\"http:\/\/kitesurfnoumea.nc\/wp\/wp-content\/uploads\/2011\/09\/kiteschool__nouma-225x300.jpg\" alt=\"\" width=\"225\" height=\"300\" srcset=\"https:\/\/kitesurfnoumea.nc\/wp-content\/uploads\/2011\/09\/kiteschool__nouma-225x300.jpg 225w, https:\/\/kitesurfnoumea.nc\/wp-content\/uploads\/2011\/09\/kiteschool__nouma-768x1024.jpg 768w, https:\/\/kitesurfnoumea.nc\/wp-content\/uploads\/2011\/09\/kiteschool__nouma-112x150.jpg 112w, https:\/\/kitesurfnoumea.nc\/wp-content\/uploads\/2011\/09\/kiteschool__nouma.jpg 960w\" sizes=\"(max-width: 225px) 100vw, 225px\" \/>La journ\u00e9e se d\u00e9roule sur 5 heures. Voici le planning de cette journ\u00e9e de cours, les objectifs de chacun seront \u00e0 d\u00e9finir en fonction de votre niveau du jour.<\/p>\n<ul>\n<li><strong>12 h<\/strong>. D\u00e9part sur la plage de l&#8217;anse vata devant l&#8217;hotel\u00a0du M\u00e9ridien\u00a0avec le bateau,\u00a0vers l\u2019\u00eelot ( Maitre ou Goeland)\u00a0choisi en fonction de la mar\u00e9e et de la m\u00e9t\u00e9o<\/li>\n<li><strong>12 h 30<\/strong> Pr\u00e9paration du mat\u00e9riel et briefing technique pour fixer\u00a0les objectifs de chacun, mais aussi apprendre \u00e0 connaitre le spot de pratique mais aussi savoir reconnaitre les conditions m\u00e9t\u00e9o.<\/li>\n<li><strong>13 h 30\u00a0\u00e0 16 h<\/strong> Pilotage et Navigation.<\/li>\n<li><strong>16 h 15<\/strong> Bilan de la\u00a0s\u00e9ance et rangement du mat\u00e9riel.<\/li>\n<li><strong>17 h<\/strong> Arriv\u00e9e sur la plage.<\/li>\n<\/ul>\n<p style=\"text-align: center;\"><a href=\"http:\/\/kitesurfnoumea.nc\/wp\/wp-content\/uploads\/2011\/09\/cours_collectif_kitesurf_school_noumea.jpg\"><img loading=\"lazy\" class=\"aligncenter size-large wp-image-215\" title=\"Cours collectif \" src=\"http:\/\/kitesurfnoumea.nc\/wp\/wp-content\/uploads\/2011\/09\/cours_collectif_kitesurf_school_noumea-1024x684.jpg\" alt=\"\" width=\"700\" height=\"467\" srcset=\"https:\/\/kitesurfnoumea.nc\/wp-content\/uploads\/2011\/09\/cours_collectif_kitesurf_school_noumea-1024x684.jpg 1024w, https:\/\/kitesurfnoumea.nc\/wp-content\/uploads\/2011\/09\/cours_collectif_kitesurf_school_noumea-300x200.jpg 300w, https:\/\/kitesurfnoumea.nc\/wp-content\/uploads\/2011\/09\/cours_collectif_kitesurf_school_noumea-448x300.jpg 448w, https:\/\/kitesurfnoumea.nc\/wp-content\/uploads\/2011\/09\/cours_collectif_kitesurf_school_noumea-200x133.jpg 200w, https:\/\/kitesurfnoumea.nc\/wp-content\/uploads\/2011\/09\/cours_collectif_kitesurf_school_noumea.jpg 1280w\" sizes=\"(max-width: 700px) 100vw, 700px\" \/><\/a><\/p>\n<p><\/p>","protected":false},"excerpt":{"rendered":"<p>La journ\u00e9e se d\u00e9roule sur 5 heures. Voici le planning de cette journ\u00e9e de cours, les objectifs de chacun seront \u00e0 d\u00e9finir en fonction de votre niveau du jour. 12 h. D\u00e9part sur la plage de l&#8217;anse vata devant l&#8217;hotel\u00a0du &hellip;<\/p>\n","protected":false},"author":1,"featured_media":0,"parent":176,"menu_order":0,"comment_status":"open","ping_status":"open","template":"","meta":{"_monsterinsights_skip_tracking":false,"_monsterinsights_sitenote_active":false,"_monsterinsights_sitenote_note":"","_monsterinsights_sitenote_category":0},"_links":{"self":[{"href":"https:\/\/kitesurfnoumea.nc\/en\/wp-json\/wp\/v2\/pages\/211"}],"collection":[{"href":"https:\/\/kitesurfnoumea.nc\/en\/wp-json\/wp\/v2\/pages"}],"about":[{"href":"https:\/\/kitesurfnoumea.nc\/en\/wp-json\/wp\/v2\/types\/page"}],"author":[{"embeddable":true,"href":"https:\/\/kitesurfnoumea.nc\/en\/wp-json\/wp\/v2\/users\/1"}],"replies":[{"embeddable":true,"href":"https:\/\/kitesurfnoumea.nc\/en\/wp-json\/wp\/v2\/comments?post=211"}],"version-history":[{"count":7,"href":"https:\/\/kitesurfnoumea.nc\/en\/wp-json\/wp\/v2\/pages\/211\/revisions"}],"predecessor-version":[{"id":28004,"href":"https:\/\/kitesurfnoumea.nc\/en\/wp-json\/wp\/v2\/pages\/211\/revisions\/28004"}],"up":[{"embeddable":true,"href":"https:\/\/kitesurfnoumea.nc\/en\/wp-json\/wp\/v2\/pages\/176"}],"wp:attachment":[{"href":"https:\/\/kitesurfnoumea.nc\/en\/wp-json\/wp\/v2\/media?parent=211"}],"curies":[{"name":"wp","href":"https:\/\/api.w.org\/{rel}","templated":true}]}}