{"id":174,"date":"2011-09-07T11:27:37","date_gmt":"2011-09-07T00:27:37","guid":{"rendered":"http:\/\/kitesurfnoumea.nc\/wp\/?page_id=174"},"modified":"2024-06-14T18:54:40","modified_gmt":"2024-06-14T07:54:40","slug":"ecole-de-wingfoil","status":"publish","type":"page","link":"https:\/\/kitesurfnoumea.nc\/en\/ecole\/ecole-de-wingfoil\/","title":{"rendered":"\u00c9cole de wake"},"content":{"rendered":"<p><a href=\"http:\/\/kitesurfnoumea.nc\/wp\/wp-content\/uploads\/2011\/09\/foto_059.jpg\"><img loading=\"lazy\" class=\"alignright size-medium wp-image-246\" title=\"\u00c9cole de wake\" src=\"http:\/\/kitesurfnoumea.nc\/wp\/wp-content\/uploads\/2011\/09\/foto_059-199x300.jpg\" alt=\"\" width=\"199\" height=\"300\" srcset=\"https:\/\/kitesurfnoumea.nc\/wp-content\/uploads\/2011\/09\/foto_059-199x300.jpg 199w, https:\/\/kitesurfnoumea.nc\/wp-content\/uploads\/2011\/09\/foto_059-682x1024.jpg 682w, https:\/\/kitesurfnoumea.nc\/wp-content\/uploads\/2011\/09\/foto_059-99x150.jpg 99w, https:\/\/kitesurfnoumea.nc\/wp-content\/uploads\/2011\/09\/foto_059.jpg 853w\" sizes=\"(max-width: 199px) 100vw, 199px\" \/><\/a>Glisse Attitude c\u2019est aussi une \u00e9cole de Wakeboard avec un moniteur diplom\u00e9, qui vous permettra d\u00e9couvrir cette activit\u00e9 et de progresser rapidement.<\/p>\n<p>En effet, Michael, moniteur de ski nautique et wakeboard depuis plus de 15 ans, vous accueillera, et vous am\u00e8nera sur le spot choisi en fonction des conditions m\u00e9t\u00e9o. Par radio, il vous guidera afin de faciliter votre apprentissage.<\/p>\n<p>Le wake est un sport de glisse avant tout, mais pour les pratiquants de kitesurf se sera un point en plus lorsque vous d\u00e9buterez avec la planche. Il s\u2019agit plus ou moins du m\u00eame d\u00e9part en se laissant aller en avant, sauf que bien \u00e9videment l\u00e0 il s\u2019agit du bateau et non du kite.<\/p>\n<p>Le wake se pratique bien \u00e9videment les jours o\u00f9 il n\u2019y a pas de vent\u2026c\u2019est la solution anti-petole, pour continuer \u00e0 am\u00e9liorer votre glisse\u2026.<\/p>\n<p>Alors laissez vous contaminer par la Glisse Attitude\u2026..<\/p>\n<p><a href=\"http:\/\/kitesurfnoumea.nc\/wp\/wp-content\/uploads\/2011\/09\/foto_167.jpg\"><img loading=\"lazy\" class=\"aligncenter size-large wp-image-249\" title=\"\u00c9cole de WakeBoard\" src=\"http:\/\/kitesurfnoumea.nc\/wp\/wp-content\/uploads\/2011\/09\/foto_167-1024x682.jpg\" alt=\"\" width=\"700\" height=\"466\" srcset=\"https:\/\/kitesurfnoumea.nc\/wp-content\/uploads\/2011\/09\/foto_167-1024x682.jpg 1024w, https:\/\/kitesurfnoumea.nc\/wp-content\/uploads\/2011\/09\/foto_167-300x200.jpg 300w, https:\/\/kitesurfnoumea.nc\/wp-content\/uploads\/2011\/09\/foto_167-450x300.jpg 450w, https:\/\/kitesurfnoumea.nc\/wp-content\/uploads\/2011\/09\/foto_167-200x133.jpg 200w, https:\/\/kitesurfnoumea.nc\/wp-content\/uploads\/2011\/09\/foto_167.jpg 1280w\" sizes=\"(max-width: 700px) 100vw, 700px\" \/><\/a><\/p>","protected":false},"excerpt":{"rendered":"<p>Glisse Attitude c\u2019est aussi une \u00e9cole de Wakeboard avec un moniteur diplom\u00e9, qui vous permettra d\u00e9couvrir cette activit\u00e9 et de progresser rapidement. En effet, Michael, moniteur de ski nautique et wakeboard depuis plus de 15 ans, vous accueillera, et vous &hellip;<\/p>\n","protected":false},"author":1,"featured_media":0,"parent":8,"menu_order":1,"comment_status":"open","ping_status":"open","template":"","meta":{"_monsterinsights_skip_tracking":false,"_monsterinsights_sitenote_active":false,"_monsterinsights_sitenote_note":"","_monsterinsights_sitenote_category":0},"_links":{"self":[{"href":"https:\/\/kitesurfnoumea.nc\/en\/wp-json\/wp\/v2\/pages\/174"}],"collection":[{"href":"https:\/\/kitesurfnoumea.nc\/en\/wp-json\/wp\/v2\/pages"}],"about":[{"href":"https:\/\/kitesurfnoumea.nc\/en\/wp-json\/wp\/v2\/types\/page"}],"author":[{"embeddable":true,"href":"https:\/\/kitesurfnoumea.nc\/en\/wp-json\/wp\/v2\/users\/1"}],"replies":[{"embeddable":true,"href":"https:\/\/kitesurfnoumea.nc\/en\/wp-json\/wp\/v2\/comments?post=174"}],"version-history":[{"count":7,"href":"https:\/\/kitesurfnoumea.nc\/en\/wp-json\/wp\/v2\/pages\/174\/revisions"}],"predecessor-version":[{"id":28133,"href":"https:\/\/kitesurfnoumea.nc\/en\/wp-json\/wp\/v2\/pages\/174\/revisions\/28133"}],"up":[{"embeddable":true,"href":"https:\/\/kitesurfnoumea.nc\/en\/wp-json\/wp\/v2\/pages\/8"}],"wp:attachment":[{"href":"https:\/\/kitesurfnoumea.nc\/en\/wp-json\/wp\/v2\/media?parent=174"}],"curies":[{"name":"wp","href":"https:\/\/api.w.org\/{rel}","templated":true}]}}