{"id":172,"date":"2011-09-07T11:27:21","date_gmt":"2011-09-07T00:27:21","guid":{"rendered":"http:\/\/kitesurfnoumea.nc\/wp\/?page_id=172"},"modified":"2024-06-14T18:44:43","modified_gmt":"2024-06-14T07:44:43","slug":"ecole-de-kite","status":"publish","type":"page","link":"https:\/\/kitesurfnoumea.nc\/en\/ecole\/ecole-de-kite\/","title":{"rendered":"\u00c9cole de kite \/  KiteSchool"},"content":{"rendered":"<p><\/p>\n<h2 align=\"justify\">A propos<\/h2>\n<p align=\"justify\"><img loading=\"lazy\" class=\"alignright size-full wp-image-196\" title=\"efk 100 pix\" src=\"http:\/\/kitesurfnoumea.nc\/wp\/wp-content\/uploads\/2011\/09\/efk-100-pix.gif\" alt=\"\" width=\"100\" height=\"54\" \/><img loading=\"lazy\" class=\"alignright size-full wp-image-197\" title=\"logo-FFVL-100pix\" src=\"http:\/\/kitesurfnoumea.nc\/wp\/wp-content\/uploads\/2011\/09\/logo-FFVL-100pix.jpg\" alt=\"\" width=\"100\" height=\"58\" \/>Kitesurf \u00a0Attitude une \u00e9cole de Kitesurf\u00a0\u00a0 bas\u00e9e a Noum\u00e9a sur la plage dite de l\u2019H\u00f4tel du M\u00e9ridien.\u00a0 Affili\u00e9e depuis 2000\u00a0 \u00e0 la F\u00e9d\u00e9ration Fran\u00e7aise de Vol Libre, elle est labellis\u00e9e \u00c9COLE FRAN\u00c7AISE DE KITE \/ EFK : le label de qualit\u00e9 !! (voir site de la f\u00e9d\u00e9ration fran\u00e7aise de vol libre ) Les cours\u00a0 se d\u00e9roulent\u00a0 sur les \u00eelots du Lagon sud ( l &#8216;\u00eelot Ma\u00eetre et\u00a0 l\u2019\u00eelot Go\u00e9land\u00a0 ), \u00e0 seulement 10 et 20 minutes de notre base nautique,\u00a0 qui est situ\u00e9e au pied de l&#8217;h\u00f4tel du M\u00e9ridien . Ces deux \u00eelots sont id\u00e9aux pour d\u00e9buter ou vous perfectionner car vous serez sur un platier ou sur un banc de sable afin de vous retrouver dans une configuration ou vous aurez pied partout.<\/p>\n<p align=\"justify\">Avec\u00a0 plus de 17 ann\u00e9es d\u2019exp\u00e9rience dans l\u2019enseignement du kitesurf, et plus de 5000 stagiaires qui nous ont d\u00e9j\u00e0 fait confiance, nous serons au plus pr\u00e9s de vous dans votre apprentissage de ce sport magique.<\/p>\n<p style=\"text-align: justify;\" align=\"justify\">Nous vous formons au plus pr\u00e8s de la r\u00e9alit\u00e9 du pratiquant, tout en vous faisant conna\u00eetre les conduites indispensables pour faire du kite, un r\u00e9el plaisir . Tout au long de votre stage vous serez suivis par <strong class=\"orange\">des moniteurs\u00a0 dipl\u00f4m\u00e9s d&#8217;\u00e9tat BPJeps<\/strong>, qui vous transmettront leurs passions et leur savoir en toute\u00a0 s\u00e9curit\u00e9 . Pour une \u00e9volution rapide nous ne prenons pas plus de <strong><span class=\"orange\">3 \u00e0 4\u00a0personnes par moniteurs en fonction des niveaux<\/span>.<\/strong> Pour assurer cette qualit\u00e9 vous serez \u00e9galement\u00a0 \u00e9quip\u00e9s de<strong class=\"orange\"> casque avec radio<\/strong>, ce qui facilite aussi l&#8217;apprentissage afin de recevoir \u00e0 tout moment une consigne technique pr\u00e9cise ou de s\u00e9curit\u00e9.<\/p>\n<p style=\"text-align: justify;\">Nous vous proposons \u00e9galement la possibilit\u00e9s de prendre des cours particuliers en pleine eau afin de mieux appr\u00e9hender le fait de ne plus avoir pied, lorsque que pratiquerez sur d&#8217;autres spots en eau profonde .Ils\u00a0 se d\u00e9roulent directement \u00e0 partir de notre base sur la plage devant l&#8217;h\u00f4tel. Un bateau s\u00e9cu vous accompagnera lors de vos premi\u00e8res glisses en pleine eau<\/p>\n<p style=\"text-align: justify;\">L&#8217;\u00e9cole est \u00e9quip\u00e9e d&#8217;un simulateur de kitesurf qui permet de d\u00e9clencher plus rapidement l&#8217;\u00e9tape du waterstart\u00a0 dans les deux sens, avec une d\u00e9composition de mouvement plus pr\u00e9cise.<\/p>\n<p align=\"justify\">L&#8217;\u00e9cole utilise du mat\u00e9riel de l&#8217;ann\u00e9e en cours en tr\u00e8s bon \u00e9tat et renouvelle son parc mat\u00e9riel\u00a0 2 fois par an .<\/p>\n<p style=\"text-align: justify;\" align=\"justify\">Le but recherch\u00e9 par l\u2019\u00e9cole est que nos cours et votre stage\u00a0 soient un <strong class=\"orange\">tremplin vers l\u2019autonomie<\/strong> pour pratiquer le kitesurf en toute s\u00e9curit\u00e9\u2026. pour\u00a0 un <strong class=\"orange\">maximum de plaisir et un minimum de risque<\/strong><\/p>\n<p style=\"text-align: justify;\">La pratique du kitesurf en Nouvelle Cal\u00e9donie est plus facile que dans beaucoup d&#8217;autres endroits gr\u00e2ce \u00e0 des aliz\u00e9s r\u00e9guliers et de nombreux spots.<\/p>\n<p style=\"text-align: justify;\">L&#8217;\u00e9cole est ouverte <strong class=\"orange\">7 jours sur 7<\/strong> et les r\u00e9servations se font au <a title=\"Contact\" href=\"http:\/\/kitesurfnoumea.nc\/contact\/\"><strong>magasin<\/strong><\/a> (1 rue Edouard Glasser, complexe Simply Market) et une pr\u00e9-r\u00e9servation est possible par t\u00e9l\u00e9phone. Le paiement peut \u00eatre fait en plusieurs fois sans frais.<\/p>\n<h3 align=\"justify\">Pr\u00e9sentation de l&#8217;\u00e9cole<\/h3>\n<div class=\"video-wrapper\">\n<div class=\"video-container\"><iframe title=\"Ecole Kitesurf Noum\u00e9a - Glisse Attitude\" width=\"700\" height=\"525\" src=\"https:\/\/www.youtube.com\/embed\/XmuOPJlbZoI?feature=oembed&amp;wmode=opaque\" frameborder=\"0\" allow=\"accelerometer; autoplay; clipboard-write; encrypted-media; gyroscope; picture-in-picture; web-share\" referrerpolicy=\"strict-origin-when-cross-origin\" allowfullscreen><\/iframe><\/div>\n<\/div>\n<p>&nbsp;<\/p>\n<h2>Le simulateur Kite<\/h2>\n<p>L&#8217;\u00c9cole \u00a0<span class=\"orange\">\u00a0Kitesurf Attitude<\/span> poss\u00e8de un simulateur de kite permettant:<\/p>\n<ul>\n<li>De progresser m\u00eame quand le vent n\u2019est pas au rendez-vous !<\/li>\n<li>De faire du kitesurf sans vent !!, car on est accroch\u00e9 au harnais et la traction est exactement comme en kite.<\/li>\n<li>De dissocier la planche de l\u2019aile, en effet avec le simulateur on n\u2019\u00e0 pas \u00e0 g\u00e9rer l\u2019aile pour la sortie de l\u2019eau, on d\u00e9compose ainsi plus facilement le mouvement.<\/li>\n<li>De rem\u00e9dier \u00e0 un blocage au niveau de la sortie de l\u2019eau.<\/li>\n<li>De bien visualiser le mouvement, car la sortie se fait facilement et tr\u00e8s doucement, vitesse moyenne : 8 nds !<\/li>\n<li>D\u2019aller plus facilement vers un autre sport : Le Wakeboard !!<\/li>\n<li>D\u2019apprendre la prise de carre, et de comprendre ses appuis, notemment l\u2019utilit\u00e9 du harnais !!<\/li>\n<li>De sortir de l\u2019eau sans les \u00e0-coups de l\u2019aile, donc plus r\u00e8guli\u00e8rement et plus en douceur.<\/li>\n<li>Au fur et \u00e0 mesure des essais on peux mieux se concentrer sur les objets autour de la planche comme l\u2019aile, ses sensations&#8230;<\/li>\n<\/ul>\n<p>http:\/\/www.youtube.com\/watch?v=iCN2qywA0mo<\/p>","protected":false},"excerpt":{"rendered":"<p>A propos Kitesurf \u00a0Attitude une \u00e9cole de Kitesurf\u00a0\u00a0 bas\u00e9e a Noum\u00e9a sur la plage dite de l\u2019H\u00f4tel du M\u00e9ridien.\u00a0 Affili\u00e9e depuis 2000\u00a0 \u00e0 la F\u00e9d\u00e9ration Fran\u00e7aise de Vol Libre, elle est labellis\u00e9e \u00c9COLE FRAN\u00c7AISE DE KITE \/ EFK : le &hellip;<\/p>\n","protected":false},"author":1,"featured_media":0,"parent":8,"menu_order":0,"comment_status":"open","ping_status":"open","template":"","meta":{"_monsterinsights_skip_tracking":false,"_monsterinsights_sitenote_active":false,"_monsterinsights_sitenote_note":"","_monsterinsights_sitenote_category":0},"_links":{"self":[{"href":"https:\/\/kitesurfnoumea.nc\/en\/wp-json\/wp\/v2\/pages\/172"}],"collection":[{"href":"https:\/\/kitesurfnoumea.nc\/en\/wp-json\/wp\/v2\/pages"}],"about":[{"href":"https:\/\/kitesurfnoumea.nc\/en\/wp-json\/wp\/v2\/types\/page"}],"author":[{"embeddable":true,"href":"https:\/\/kitesurfnoumea.nc\/en\/wp-json\/wp\/v2\/users\/1"}],"replies":[{"embeddable":true,"href":"https:\/\/kitesurfnoumea.nc\/en\/wp-json\/wp\/v2\/comments?post=172"}],"version-history":[{"count":8,"href":"https:\/\/kitesurfnoumea.nc\/en\/wp-json\/wp\/v2\/pages\/172\/revisions"}],"predecessor-version":[{"id":28132,"href":"https:\/\/kitesurfnoumea.nc\/en\/wp-json\/wp\/v2\/pages\/172\/revisions\/28132"}],"up":[{"embeddable":true,"href":"https:\/\/kitesurfnoumea.nc\/en\/wp-json\/wp\/v2\/pages\/8"}],"wp:attachment":[{"href":"https:\/\/kitesurfnoumea.nc\/en\/wp-json\/wp\/v2\/media?parent=172"}],"curies":[{"name":"wp","href":"https:\/\/api.w.org\/{rel}","templated":true}]}}