{"id":169,"date":"2011-09-06T12:57:41","date_gmt":"2011-09-06T01:57:41","guid":{"rendered":"http:\/\/kitesurfnoumea.nc\/wp\/?page_id=169"},"modified":"2019-08-24T13:37:01","modified_gmt":"2019-08-24T02:37:01","slug":"nos-moniteurs","status":"publish","type":"page","link":"https:\/\/kitesurfnoumea.nc\/en\/ecole\/nos-moniteurs\/","title":{"rendered":"Nos moniteurs"},"content":{"rendered":"<p><\/p>\n<h2><a href=\"http:\/\/kitesurfnoumea.nc\/wp\/wp-content\/uploads\/2011\/09\/mika.jpg\"><img loading=\"lazy\" class=\"alignright size-medium wp-image-202\" title=\"Micka\u00ebl AURIN\" alt=\"Micka\u00ebl AURIN\" src=\"http:\/\/kitesurfnoumea.nc\/wp\/wp-content\/uploads\/2011\/09\/mika-200x300.jpg\" width=\"200\" height=\"300\" srcset=\"https:\/\/kitesurfnoumea.nc\/wp-content\/uploads\/2011\/09\/mika-200x300.jpg 200w, https:\/\/kitesurfnoumea.nc\/wp-content\/uploads\/2011\/09\/mika-100x150.jpg 100w, https:\/\/kitesurfnoumea.nc\/wp-content\/uploads\/2011\/09\/mika.jpg 300w\" sizes=\"(max-width: 200px) 100vw, 200px\" \/><\/a>Mickael AURIN<br \/>\nmoniteur et responsable de l&#8217;\u00e9cole<\/h2>\n<p><span style=\"text-decoration: underline;\"><strong>Dipl\u00f4mes<\/strong><\/span><\/p>\n<ul>\n<li><strong>D\u00e9cembre 2003 :<\/strong> Brevet Professionnel de la Jeunesse, de l\u2019Education Populaire et du Sport sp\u00e9cialit\u00e9 Activit\u00e9s Nautiques, mention monovalente Glisse A\u00e9rotract\u00e9es ( kitesurf ) n \u00b0 035 03 BP 021<\/li>\n<li><strong>D\u00e9cembre 2000 :<\/strong> Dipl\u00f4me de moniteur f\u00e9d\u00e9ral, option cerf volant de traction surface eau n\u00b0 CVT 2000 E 19, \u00e0 Nice (06)<\/li>\n<li><strong>1999<\/strong> : Obtention du PCM Marine Marchande<\/li>\n<li><strong>Juin 1998<\/strong> : Dipl\u00f4me d\u2019initiateur f\u00e9d\u00e9ral de roller skating \u00e0 Nevers (58)<\/li>\n<li><strong>Fevrier 1994<\/strong> : Brevet d\u2019etat d\u2019educateur sportif 1er degr\u00e9 option ski nautique et wakeboard n \u00b0 013 94 0087, \u00e0 Marseille (13)<\/li>\n<\/ul>\n<table style=\"width: 100%;\" border=\"0\" cellspacing=\"5\" cellpadding=\"0\">\n<tbody>\n<tr>\n<td style=\"width: 50%;\" valign=\"top\"><\/td>\n<td style=\"width: 50%;\"><\/td>\n<\/tr>\n<tr>\n<td style=\"width: 50%;\" colspan=\"2\"><\/td>\n<\/tr>\n<\/tbody>\n<\/table>\n<p><\/p>","protected":false},"excerpt":{"rendered":"<p>Mickael AURIN moniteur et responsable de l&#8217;\u00e9cole Dipl\u00f4mes D\u00e9cembre 2003 : Brevet Professionnel de la Jeunesse, de l\u2019Education Populaire et du Sport sp\u00e9cialit\u00e9 Activit\u00e9s Nautiques, mention monovalente Glisse A\u00e9rotract\u00e9es ( kitesurf ) n \u00b0 035 03 BP 021 D\u00e9cembre 2000 &hellip;<\/p>\n","protected":false},"author":1,"featured_media":0,"parent":8,"menu_order":2,"comment_status":"open","ping_status":"open","template":"","meta":{"_monsterinsights_skip_tracking":false,"_monsterinsights_sitenote_active":false,"_monsterinsights_sitenote_note":"","_monsterinsights_sitenote_category":0},"_links":{"self":[{"href":"https:\/\/kitesurfnoumea.nc\/en\/wp-json\/wp\/v2\/pages\/169"}],"collection":[{"href":"https:\/\/kitesurfnoumea.nc\/en\/wp-json\/wp\/v2\/pages"}],"about":[{"href":"https:\/\/kitesurfnoumea.nc\/en\/wp-json\/wp\/v2\/types\/page"}],"author":[{"embeddable":true,"href":"https:\/\/kitesurfnoumea.nc\/en\/wp-json\/wp\/v2\/users\/1"}],"replies":[{"embeddable":true,"href":"https:\/\/kitesurfnoumea.nc\/en\/wp-json\/wp\/v2\/comments?post=169"}],"version-history":[{"count":6,"href":"https:\/\/kitesurfnoumea.nc\/en\/wp-json\/wp\/v2\/pages\/169\/revisions"}],"predecessor-version":[{"id":21539,"href":"https:\/\/kitesurfnoumea.nc\/en\/wp-json\/wp\/v2\/pages\/169\/revisions\/21539"}],"up":[{"embeddable":true,"href":"https:\/\/kitesurfnoumea.nc\/en\/wp-json\/wp\/v2\/pages\/8"}],"wp:attachment":[{"href":"https:\/\/kitesurfnoumea.nc\/en\/wp-json\/wp\/v2\/media?parent=169"}],"curies":[{"name":"wp","href":"https:\/\/api.w.org\/{rel}","templated":true}]}}