{"id":1123,"date":"2011-10-11T22:14:08","date_gmt":"2011-10-11T11:14:08","guid":{"rendered":"http:\/\/kitesurfnoumea.nc\/wp\/?page_id=1123"},"modified":"2017-11-29T14:51:21","modified_gmt":"2017-11-29T03:51:21","slug":"webcam","status":"publish","type":"page","link":"https:\/\/kitesurfnoumea.nc\/en\/webcam\/","title":{"rendered":"Webcam"},"content":{"rendered":"<h2 style=\"text-align: center;\">Bient\u00f4t, ici, la webcam en direct du m\u00e9ridien!<\/h2>\n<p>Suivez nous sur <a href=\"https:\/\/twitter.com\/#!\/glisseattitude\" target=\"_blank\">Twitter<\/a> ou sur <a href=\"https:\/\/www.facebook.com\/glisse.attitude?sk=wall\" target=\"_blank\">Facebook<\/a> pour en \u00eatre inform\u00e9. Vous pouvez aussi vous inscrire \u00e0 <a title=\"Newsletter\" href=\"http:\/\/kitesurfnoumea.nc\/newsletter\/\">notre newsletter<\/a>.<\/p>\n","protected":false},"excerpt":{"rendered":"<p>Bient\u00f4t, ici, la webcam en direct du m\u00e9ridien! Suivez nous sur Twitter ou sur Facebook pour en \u00eatre inform\u00e9. Vous pouvez aussi vous inscrire \u00e0 notre newsletter.<\/p>\n","protected":false},"author":1,"featured_media":0,"parent":0,"menu_order":12,"comment_status":"open","ping_status":"open","template":"","meta":{"_monsterinsights_skip_tracking":false,"_monsterinsights_sitenote_active":false,"_monsterinsights_sitenote_note":"","_monsterinsights_sitenote_category":0},"_links":{"self":[{"href":"https:\/\/kitesurfnoumea.nc\/en\/wp-json\/wp\/v2\/pages\/1123"}],"collection":[{"href":"https:\/\/kitesurfnoumea.nc\/en\/wp-json\/wp\/v2\/pages"}],"about":[{"href":"https:\/\/kitesurfnoumea.nc\/en\/wp-json\/wp\/v2\/types\/page"}],"author":[{"embeddable":true,"href":"https:\/\/kitesurfnoumea.nc\/en\/wp-json\/wp\/v2\/users\/1"}],"replies":[{"embeddable":true,"href":"https:\/\/kitesurfnoumea.nc\/en\/wp-json\/wp\/v2\/comments?post=1123"}],"version-history":[{"count":4,"href":"https:\/\/kitesurfnoumea.nc\/en\/wp-json\/wp\/v2\/pages\/1123\/revisions"}],"predecessor-version":[{"id":4532,"href":"https:\/\/kitesurfnoumea.nc\/en\/wp-json\/wp\/v2\/pages\/1123\/revisions\/4532"}],"wp:attachment":[{"href":"https:\/\/kitesurfnoumea.nc\/en\/wp-json\/wp\/v2\/media?parent=1123"}],"curies":[{"name":"wp","href":"https:\/\/api.w.org\/{rel}","templated":true}]}}